{"id":1186,"date":"2020-12-29T20:18:28","date_gmt":"2020-12-29T19:18:28","guid":{"rendered":"http:\/\/www.avenyproduction.se\/ytskyddsakademienold\/?page_id=1186"},"modified":"2021-06-08T22:01:04","modified_gmt":"2021-06-08T20:01:04","slug":"distansutbildningar-juridik","status":"publish","type":"page","link":"http:\/\/www.avenyproduction.se\/ytskyddsakademienold\/vara-tjanster\/distansutbildningar-juridik\/","title":{"rendered":"Distansutbildningar Juridik"},"content":{"rendered":"\n<style type=\"text\/css\" data-created_by=\"avia_inline_auto\" id=\"style-css-av-dbj9c-b8f116440f8049cb6ef74f70de98d993\">\n.flex_column.av-dbj9c-b8f116440f8049cb6ef74f70de98d993{\nborder-radius:0px 0px 0px 0px;\npadding:0px 0px 0px 0px;\n}\n<\/style>\n<div  class='flex_column av-dbj9c-b8f116440f8049cb6ef74f70de98d993 av_one_fifth  avia-builder-el-0  el_before_av_three_fifth  avia-builder-el-first  first no_margin flex_column_div av-zero-column-padding  '     ><\/div>\n\n<style type=\"text\/css\" data-created_by=\"avia_inline_auto\" id=\"style-css-av-31op-9baa13f50e03ce0ac0964ebb698eb950\">\n.flex_column.av-31op-9baa13f50e03ce0ac0964ebb698eb950{\nborder-radius:0px 0px 0px 0px;\npadding:0px 0px 0px 0px;\n}\n<\/style>\n<div  class='flex_column av-31op-9baa13f50e03ce0ac0964ebb698eb950 av_three_fifth  avia-builder-el-1  el_after_av_one_fifth  el_before_av_one_fifth  no_margin flex_column_div av-zero-column-padding  '     ><p>\n<style type=\"text\/css\" data-created_by=\"avia_inline_auto\" id=\"style-css-av-lrjjle-b9cde22830200260c8dabfaffe0718f1\">\n#top .av-special-heading.av-lrjjle-b9cde22830200260c8dabfaffe0718f1{\npadding-bottom:0;\n}\nbody .av-special-heading.av-lrjjle-b9cde22830200260c8dabfaffe0718f1 .av-special-heading-tag .heading-char{\nfont-size:25px;\n}\n.av-special-heading.av-lrjjle-b9cde22830200260c8dabfaffe0718f1 .av-subheading{\nfont-size:25px;\n}\n\n@media only screen and (max-width: 479px){ \n#top #wrap_all .av-special-heading.av-lrjjle-b9cde22830200260c8dabfaffe0718f1 .av-special-heading-tag{\nfont-size:25px;\n}\n}\n<\/style>\n<div  class='av-special-heading av-lrjjle-b9cde22830200260c8dabfaffe0718f1 av-special-heading-h1 blockquote modern-quote modern-centered  avia-builder-el-2  el_before_av_hr  avia-builder-el-first '><h1 class='av-special-heading-tag'  itemprop=\"headline\"  >Distansutbildningar<\/h1><div class='av-subheading av-subheading_below'><p>JURIDIK<\/p>\n<\/div><div class=\"special-heading-border\"><div class=\"special-heading-inner-border\"><\/div><\/div><\/div><br \/>\n\n<style type=\"text\/css\" data-created_by=\"avia_inline_auto\" id=\"style-css-av-k9i8moh2-0fc8c407daa66c14dbfd667ca13f3430\">\n#top .hr.av-k9i8moh2-0fc8c407daa66c14dbfd667ca13f3430{\nmargin-top:15px;\nmargin-bottom:30px;\n}\n.hr.av-k9i8moh2-0fc8c407daa66c14dbfd667ca13f3430 .hr-inner{\nwidth:75px;\nborder-color:#55b776;\n}\n<\/style>\n<div  class='hr av-k9i8moh2-0fc8c407daa66c14dbfd667ca13f3430 hr-custom  avia-builder-el-3  el_after_av_heading  el_before_av_textblock  hr-center hr-icon-no'><span class='hr-inner inner-border-av-border-fat'><span class=\"hr-inner-style\"><\/span><\/span><\/div><br \/>\n<section  class='av_textblock_section av-k9i8loxa-d839ed8273ee55a7de0bff9bbc1dfa59 '   itemscope=\"itemscope\" itemtype=\"https:\/\/schema.org\/CreativeWork\" ><div class='avia_textblock'  itemprop=\"text\" ><p style=\"text-align: center;\">Ytskyddsakademiens distansutbildningar \u201dJuridik\u201d \u00e4r speciellt framtagen f\u00f6r att best\u00e4llare, konsulter och entrepren\u00f6rer skall erh\u00e5lla n\u00f6dv\u00e4ndig kunskap f\u00f6r att genomf\u00f6ra b\u00e4ttre, s\u00e4krare och mer effektiva projekt samt att undvika tvister och d\u00e4rmed f\u00e5 b\u00e4ttre l\u00f6nsamhet.<\/p>\n<p style=\"text-align: center;\">Kursen ger grundl\u00e4ggande kunskaper inom aff\u00e4rsjuridik med huvudinriktning p\u00e5 omr\u00e5den entreprenad- och aff\u00e4rsdrivande juridik.<\/p>\n<\/div><\/section><\/p><\/div>\n\n<style type=\"text\/css\" data-created_by=\"avia_inline_auto\" id=\"style-css-av-b9b6w-b70515f8064d4e77a4ebb9805484799d\">\n.flex_column.av-b9b6w-b70515f8064d4e77a4ebb9805484799d{\nborder-radius:0px 0px 0px 0px;\npadding:0px 0px 0px 0px;\n}\n<\/style>\n<div  class='flex_column av-b9b6w-b70515f8064d4e77a4ebb9805484799d av_one_fifth  avia-builder-el-5  el_after_av_three_fifth  el_before_av_section  avia-builder-el-last  no_margin flex_column_div av-zero-column-padding  '     ><\/div>\n<\/div><\/div><\/div><!-- close content main div --><\/div><\/div>\n<style type=\"text\/css\" data-created_by=\"avia_inline_auto\" id=\"style-css-av-j9561-f6124e90f4a1ccc7365af2bd378e6759\">\n.avia-section.av-j9561-f6124e90f4a1ccc7365af2bd378e6759{\nbackground-color:#ffffff;\nbackground:linear-gradient( to bottom, #ffffff, #f7f7f7 );\n}\n<\/style>\n<div id='av_section_1'  class='avia-section av-j9561-f6124e90f4a1ccc7365af2bd378e6759 main_color avia-section-large avia-no-border-styling  avia-builder-el-6  el_after_av_one_fifth  el_before_av_section  avia-bg-style-scroll container_wrap sidebar_left'  ><div class='container av-section-cont-open' ><div class='template-page content  av-content-small units'><div class='post-entry post-entry-type-page post-entry-1186'><div class='entry-content-wrapper clearfix'>\n\n<style type=\"text\/css\" data-created_by=\"avia_inline_auto\" id=\"style-css-av-872x5-77b8a6415d7a5ee40580d34b3ef4963e\">\n.flex_column.av-872x5-77b8a6415d7a5ee40580d34b3ef4963e{\nborder-radius:0px 0px 0px 0px;\npadding:0px 0px 0px 0px;\n}\n<\/style>\n<div  class='flex_column av-872x5-77b8a6415d7a5ee40580d34b3ef4963e av_one_fifth  avia-builder-el-7  el_before_av_three_fifth  avia-builder-el-first  first flex_column_div av-zero-column-padding  '     ><\/div>\n<style type=\"text\/css\" data-created_by=\"avia_inline_auto\" id=\"style-css-av-872x5-5973600ef2f4663b63760f3a45b8bd8b\">\n.flex_column.av-872x5-5973600ef2f4663b63760f3a45b8bd8b{\nborder-radius:0px 0px 0px 0px;\npadding:0px 0px 0px 0px;\n}\n<\/style>\n<div  class='flex_column av-872x5-5973600ef2f4663b63760f3a45b8bd8b av_three_fifth  avia-builder-el-8  el_after_av_one_fifth  el_before_av_one_fifth  flex_column_div av-zero-column-padding  '     ><div class='avia-data-table-wrap av-4c76v4p-2f7e329dafed9fc20a4c627c89e09b3d avia_responsive_table avia-table-1'><table  class='avia-table avia-data-table avia_pricing_minimal  avia-builder-el-9  avia-builder-el-no-sibling '  itemscope=\"itemscope\" itemtype=\"https:\/\/schema.org\/Table\" ><tbody><tr class='avia-heading-row'><th class=''>Kunskapsomr\u00e5de<\/th><th class=''>Datum<\/th><th class=''>Agenda<\/th><\/tr><tr class=''><td class=''>&#8211;<\/td><td class=''>&#8211;<\/td><td class=''><a href=\"#\">Se agenda<\/a><\/td><\/tr><\/tbody><\/table><\/div><style type='text\/css'>.avia-table-1 td:nth-of-type(1):before { content: 'Kunskapsomr\u00e5de'; } .avia-table-1 td:nth-of-type(2):before { content: 'Datum'; } .avia-table-1 td:nth-of-type(3):before { content: 'Agenda'; } <\/style><\/div>\n<style type=\"text\/css\" data-created_by=\"avia_inline_auto\" id=\"style-css-av-872x5-5973600ef2f4663b63760f3a45b8bd8b\">\n.flex_column.av-872x5-5973600ef2f4663b63760f3a45b8bd8b{\nborder-radius:0px 0px 0px 0px;\npadding:0px 0px 0px 0px;\n}\n<\/style>\n<div  class='flex_column av-872x5-5973600ef2f4663b63760f3a45b8bd8b av_one_fifth  avia-builder-el-10  el_after_av_three_fifth  avia-builder-el-last  flex_column_div av-zero-column-padding  '     ><\/div><\/div><\/div><\/div><!-- close content main div --><\/div><\/div><div id='av_section_2'  class='avia-section av-12n60x-3cf81399c6a52044c43b36fdee8fca6c main_color avia-section-default avia-no-border-styling  avia-builder-el-11  el_after_av_section  el_before_av_section  avia-bg-style-scroll container_wrap sidebar_left'  ><div class='container av-section-cont-open' ><div class='template-page content  av-content-small units'><div class='post-entry post-entry-type-page post-entry-1186'><div class='entry-content-wrapper clearfix'>\n<section  class='av_textblock_section av-k9ju0s1b-64a641e4b38d2747a557abcede8495e0 '   itemscope=\"itemscope\" itemtype=\"https:\/\/schema.org\/CreativeWork\" ><div class='avia_textblock'  itemprop=\"text\" ><p style=\"text-align: center;\">Ovan kunskapsomr\u00e5dens datum kan f\u00f6r\u00e4ndras beroende p\u00e5 f\u00f6redragsh\u00e5llarens m\u00f6jligheter att h\u00e5lla utbildningen. Uppdatering kommer att ske kontinuerligt p\u00e5 hemsidan.<\/p>\n<p style=\"text-align: center;\">Alla kunskapsomr\u00e5den kommer att erbjuda f\u00f6rdjupade distansutbildningar p\u00e5 det s\u00e4tt som deltagarna \u00f6nskar.<\/p>\n<p style=\"text-align: center;\">F\u00f6r att kunna deltaga p\u00e5 distansutbildningarna och d\u00e4rmed erh\u00e5lla l\u00e4nk till Teams videom\u00f6te s\u00e5 m\u00e5ste deltagarna skicka in en Intresseanm\u00e4lan vilken g\u00e4ller som \u201dentrebiljett\u201d till alla arbetsomr\u00e5den och kunskapsomr\u00e5den 9 febr \u2013 16 juni.<\/p>\n<p style=\"text-align: center;\">Denna Intresseanm\u00e4lan finns nedan och inga f\u00f6rpliktelser utan bara\u00a0en m\u00f6jlighet att deltaga i de kunskapsomr\u00e5den som man \u00f6nskar.<\/p>\n<p style=\"text-align: center;\">Ytterligare information och l\u00e4mplig r\u00e5dgivning f\u00e5r ni genom att ta kontakt med samordnarna Tommy Th\u00f6rn p\u00e5\u00a00706 57 57 88, <a href=\"mailto:tommy.thorn@ysa.email\">tommy.thorn@ysa.email<\/a> eller Stefan Hassesson, VD Nordic Juridik, p\u00e5 076 397 90 50, <a href=\"mailto:stefan.hassesson@nordicjuridik.se\">stefan.hassesson@nordicjuridik.se <\/a><\/p>\n<\/div><\/section>\n<div  class='avia-button-wrap av-ka6lcaow-3c697d0a31a0ef2c4f4b0559810cc245-wrap avia-button-center  avia-builder-el-13  el_after_av_textblock  avia-builder-el-last '><a href='https:\/\/avenyproduction.se\/portal\/index.php\/intresseanmaelan-distansutbildning ' class='avia-button av-ka6lcaow-3c697d0a31a0ef2c4f4b0559810cc245 avia-icon_select-yes-left-icon avia-size-x-large avia-position-center av-icon-on-hover avia-color-theme-color' target=\"_blank\" rel=\"noopener noreferrer\"><span class='avia_button_icon avia_button_icon_left' aria-hidden='true' data-av_icon='\ue835' data-av_iconfont='entypo-fontello'><\/span><span class='avia_iconbox_title' >Skicka intresseanm\u00e4lan<\/span><\/a><\/div>\n<\/p>\n<\/div><\/div><\/div><!-- close content main div --><\/div><\/div>\n<style type=\"text\/css\" data-created_by=\"avia_inline_auto\" id=\"style-css-av-k9ju1pkg-47ae77dc98b73d9d3779ac826630f182\">\n.avia-section.av-k9ju1pkg-47ae77dc98b73d9d3779ac826630f182{\nbackground-color:#f7f7f7;\nbackground:linear-gradient( to bottom, #f7f7f7, #ffffff );\n}\n<\/style>\n<div id='av_section_3'  class='avia-section av-k9ju1pkg-47ae77dc98b73d9d3779ac826630f182 main_color avia-section-huge avia-no-border-styling  avia-builder-el-14  el_after_av_section  avia-builder-el-last  avia-bg-style-scroll container_wrap sidebar_left'  ><div class='container av-section-cont-open' ><div class='template-page content  av-content-small units'><div class='post-entry post-entry-type-page post-entry-1186'><div class='entry-content-wrapper clearfix'>\n\n<style type=\"text\/css\" data-created_by=\"avia_inline_auto\" id=\"style-css-av-9poyx-b0129212267eb150678f82cc036f273c\">\n#top .av-special-heading.av-9poyx-b0129212267eb150678f82cc036f273c{\npadding-bottom:10px;\n}\nbody .av-special-heading.av-9poyx-b0129212267eb150678f82cc036f273c .av-special-heading-tag .heading-char{\nfont-size:25px;\n}\n.av-special-heading.av-9poyx-b0129212267eb150678f82cc036f273c .av-subheading{\nfont-size:15px;\n}\n\n@media only screen and (max-width: 479px){ \n#top #wrap_all .av-special-heading.av-9poyx-b0129212267eb150678f82cc036f273c .av-special-heading-tag{\nfont-size:25px;\n}\n}\n<\/style>\n<div  class='av-special-heading av-9poyx-b0129212267eb150678f82cc036f273c av-special-heading-h1 blockquote modern-quote modern-centered  avia-builder-el-15  el_before_av_hr  avia-builder-el-first '><h1 class='av-special-heading-tag'  itemprop=\"headline\"  >Artiklar<\/h1><div class=\"special-heading-border\"><div class=\"special-heading-inner-border\"><\/div><\/div><\/div>\n\n<style type=\"text\/css\" data-created_by=\"avia_inline_auto\" id=\"style-css-av-k9i8moh2-0fc8c407daa66c14dbfd667ca13f3430\">\n#top .hr.av-k9i8moh2-0fc8c407daa66c14dbfd667ca13f3430{\nmargin-top:15px;\nmargin-bottom:30px;\n}\n.hr.av-k9i8moh2-0fc8c407daa66c14dbfd667ca13f3430 .hr-inner{\nwidth:75px;\nborder-color:#55b776;\n}\n<\/style>\n<div  class='hr av-k9i8moh2-0fc8c407daa66c14dbfd667ca13f3430 hr-custom  avia-builder-el-16  el_after_av_heading  el_before_av_one_third  hr-center hr-icon-no'><span class='hr-inner inner-border-av-border-fat'><span class=\"hr-inner-style\"><\/span><\/span><\/div>\n\n<style type=\"text\/css\" data-created_by=\"avia_inline_auto\" id=\"style-css-av-nm89d-183c2c22154ea8eb64ddb18ce1d8162c\">\n.flex_column.av-nm89d-183c2c22154ea8eb64ddb18ce1d8162c{\nborder-radius:0px 0px 0px 0px;\npadding:0px 0px 0px 0px;\n}\n<\/style>\n<div  class='flex_column av-nm89d-183c2c22154ea8eb64ddb18ce1d8162c av_one_third  avia-builder-el-17  el_after_av_hr  el_before_av_one_third  first flex_column_div av-zero-column-padding  '     ><style type=\"text\/css\" data-created_by=\"avia_inline_auto\" id=\"style-css-av-ol929-de4b39f16b8770da1e8975f8ff406352\">\n#top .avia-icon-list-container.av-ol929-de4b39f16b8770da1e8975f8ff406352 .iconlist_icon{\nbackground-color:#55b777;\n}\n<\/style>\n<div  class='avia-icon-list-container av-ol929-de4b39f16b8770da1e8975f8ff406352  avia-builder-el-18  avia-builder-el-no-sibling '><ul class='avia-icon-list avia_animate_when_almost_visible avia-icon-list-left av-iconlist-big av-ol929-de4b39f16b8770da1e8975f8ff406352 avia-iconlist-animate'>\n<li><a href='http:\/\/www.avenyproduction.se\/ytskyddsakademienold\/wp-content\/uploads\/2020\/04\/fogspecialisten.pdf' title='Fogspecialisten'  target=\"_blank\"  rel=\"noopener noreferrer\" class='iconlist_icon av-1eot4x-6e52147c78218e2e07c853e445c18d7a avia-font-entypo-fontello'><span class='iconlist-char' aria-hidden='true' data-av_icon='\ue84d' data-av_iconfont='entypo-fontello'><\/span><\/a><article class=\"article-icon-entry av-iconlist-empty\"  itemscope=\"itemscope\" itemtype=\"https:\/\/schema.org\/CreativeWork\" ><div class=\"iconlist_content_wrap\"><header class=\"entry-content-header\"><h4 class='av_iconlist_title iconlist_title  '  itemprop=\"headline\" ><a href='http:\/\/www.avenyproduction.se\/ytskyddsakademienold\/wp-content\/uploads\/2020\/04\/fogspecialisten.pdf' title='Fogspecialisten' target=\"_blank\"  rel=\"noopener noreferrer\">Fogspecialisten<\/a><\/h4><\/header><div class='iconlist_content '  itemprop=\"text\" ><\/div><\/div><footer class=\"entry-footer\"><\/footer><\/article><div class=\"iconlist-timeline\"><\/div><\/li>\n<li><a href='http:\/\/www.avenyproduction.se\/ytskyddsakademienold\/wp-content\/uploads\/2020\/04\/golvanalys.pdf' title='Golvanalys'  target=\"_blank\"  rel=\"noopener noreferrer\" class='iconlist_icon av-1bh38p-18c9afdb9717df02e61004ce207faf24 avia-font-entypo-fontello'><span class='iconlist-char' aria-hidden='true' data-av_icon='\ue84d' data-av_iconfont='entypo-fontello'><\/span><\/a><article class=\"article-icon-entry av-iconlist-empty\"  itemscope=\"itemscope\" itemtype=\"https:\/\/schema.org\/CreativeWork\" ><div class=\"iconlist_content_wrap\"><header class=\"entry-content-header\"><h4 class='av_iconlist_title iconlist_title  '  itemprop=\"headline\" ><a href='http:\/\/www.avenyproduction.se\/ytskyddsakademienold\/wp-content\/uploads\/2020\/04\/golvanalys.pdf' title='Golvanalys' target=\"_blank\"  rel=\"noopener noreferrer\">Golvanalys<\/a><\/h4><\/header><div class='iconlist_content '  itemprop=\"text\" ><\/div><\/div><footer class=\"entry-footer\"><\/footer><\/article><div class=\"iconlist-timeline\"><\/div><\/li>\n<li><a href='http:\/\/www.avenyproduction.se\/ytskyddsakademienold\/wp-content\/uploads\/2020\/04\/golvflex.pdf' title='Golvflex'  target=\"_blank\"  rel=\"noopener noreferrer\" class='iconlist_icon av-115gdt-2d1b9465d05c8c6c28474fb4fb74ad9d avia-font-entypo-fontello'><span class='iconlist-char' aria-hidden='true' data-av_icon='\ue84d' data-av_iconfont='entypo-fontello'><\/span><\/a><article class=\"article-icon-entry av-iconlist-empty\"  itemscope=\"itemscope\" itemtype=\"https:\/\/schema.org\/CreativeWork\" ><div class=\"iconlist_content_wrap\"><header class=\"entry-content-header\"><h4 class='av_iconlist_title iconlist_title  '  itemprop=\"headline\" ><a href='http:\/\/www.avenyproduction.se\/ytskyddsakademienold\/wp-content\/uploads\/2020\/04\/golvflex.pdf' title='Golvflex' target=\"_blank\"  rel=\"noopener noreferrer\">Golvflex<\/a><\/h4><\/header><div class='iconlist_content '  itemprop=\"text\" ><\/div><\/div><footer class=\"entry-footer\"><\/footer><\/article><div class=\"iconlist-timeline\"><\/div><\/li>\n<\/ul><\/div><\/div>\n<style type=\"text\/css\" data-created_by=\"avia_inline_auto\" id=\"style-css-av-d80t5-cfb839effeee2f6c1eb616c0abcb17eb\">\n.flex_column.av-d80t5-cfb839effeee2f6c1eb616c0abcb17eb{\nborder-radius:0px 0px 0px 0px;\npadding:0px 0px 0px 0px;\n}\n<\/style>\n<div  class='flex_column av-d80t5-cfb839effeee2f6c1eb616c0abcb17eb av_one_third  avia-builder-el-19  el_after_av_one_third  el_before_av_one_third  flex_column_div av-zero-column-padding  '     ><style type=\"text\/css\" data-created_by=\"avia_inline_auto\" id=\"style-css-av-ol929-de4b39f16b8770da1e8975f8ff406352\">\n#top .avia-icon-list-container.av-ol929-de4b39f16b8770da1e8975f8ff406352 .iconlist_icon{\nbackground-color:#55b777;\n}\n<\/style>\n<div  class='avia-icon-list-container av-ol929-de4b39f16b8770da1e8975f8ff406352  avia-builder-el-20  avia-builder-el-no-sibling '><ul class='avia-icon-list avia_animate_when_almost_visible avia-icon-list-left av-iconlist-big av-ol929-de4b39f16b8770da1e8975f8ff406352 avia-iconlist-animate'>\n<li><a href='http:\/\/www.avenyproduction.se\/ytskyddsakademienold\/wp-content\/uploads\/2020\/04\/mikrocement.pdf' title='Golvreparation med mikrocement'  target=\"_blank\"  rel=\"noopener noreferrer\" class='iconlist_icon av-3h5mx-c475aa3bf5a8489d5c7eee6883d7e864 avia-font-entypo-fontello'><span class='iconlist-char' aria-hidden='true' data-av_icon='\ue84d' data-av_iconfont='entypo-fontello'><\/span><\/a><article class=\"article-icon-entry av-iconlist-empty\"  itemscope=\"itemscope\" itemtype=\"https:\/\/schema.org\/CreativeWork\" ><div class=\"iconlist_content_wrap\"><header class=\"entry-content-header\"><h4 class='av_iconlist_title iconlist_title  '  itemprop=\"headline\" ><a href='http:\/\/www.avenyproduction.se\/ytskyddsakademienold\/wp-content\/uploads\/2020\/04\/mikrocement.pdf' title='Golvreparation med mikrocement' target=\"_blank\"  rel=\"noopener noreferrer\">Golvreparation med mikrocement<\/a><\/h4><\/header><div class='iconlist_content '  itemprop=\"text\" ><\/div><\/div><footer class=\"entry-footer\"><\/footer><\/article><div class=\"iconlist-timeline\"><\/div><\/li>\n<li><a href='http:\/\/www.avenyproduction.se\/ytskyddsakademienold\/wp-content\/uploads\/2020\/04\/impregnering.pdf' title='Impregnering'  target=\"_blank\"  rel=\"noopener noreferrer\" class='iconlist_icon av-qv2a1-b89a499963a94f0e98b611dc91787fa9 avia-font-entypo-fontello'><span class='iconlist-char' aria-hidden='true' data-av_icon='\ue84d' data-av_iconfont='entypo-fontello'><\/span><\/a><article class=\"article-icon-entry av-iconlist-empty\"  itemscope=\"itemscope\" itemtype=\"https:\/\/schema.org\/CreativeWork\" ><div class=\"iconlist_content_wrap\"><header class=\"entry-content-header\"><h4 class='av_iconlist_title iconlist_title  '  itemprop=\"headline\" ><a href='http:\/\/www.avenyproduction.se\/ytskyddsakademienold\/wp-content\/uploads\/2020\/04\/impregnering.pdf' title='Impregnering' target=\"_blank\"  rel=\"noopener noreferrer\">Impregnering<\/a><\/h4><\/header><div class='iconlist_content '  itemprop=\"text\" ><\/div><\/div><footer class=\"entry-footer\"><\/footer><\/article><div class=\"iconlist-timeline\"><\/div><\/li>\n<li><a href='http:\/\/www.avenyproduction.se\/ytskyddsakademienold\/wp-content\/uploads\/2020\/04\/polyurea.pdf' title='Polyurea'  target=\"_blank\"  rel=\"noopener noreferrer\" class='iconlist_icon av-mu021-c3f125f93dc30d3569be7b2c93e7cea3 avia-font-entypo-fontello'><span class='iconlist-char' aria-hidden='true' data-av_icon='\ue84d' data-av_iconfont='entypo-fontello'><\/span><\/a><article class=\"article-icon-entry av-iconlist-empty\"  itemscope=\"itemscope\" itemtype=\"https:\/\/schema.org\/CreativeWork\" ><div class=\"iconlist_content_wrap\"><header class=\"entry-content-header\"><h4 class='av_iconlist_title iconlist_title  '  itemprop=\"headline\" ><a href='http:\/\/www.avenyproduction.se\/ytskyddsakademienold\/wp-content\/uploads\/2020\/04\/polyurea.pdf' title='Polyurea' target=\"_blank\"  rel=\"noopener noreferrer\">Polyurea<\/a><\/h4><\/header><div class='iconlist_content '  itemprop=\"text\" ><\/div><\/div><footer class=\"entry-footer\"><\/footer><\/article><div class=\"iconlist-timeline\"><\/div><\/li>\n<\/ul><\/div><\/div>\n<style type=\"text\/css\" data-created_by=\"avia_inline_auto\" id=\"style-css-av-b016h-7b3d7800fb3eaa84eed63f0aa0cf4b3c\">\n.flex_column.av-b016h-7b3d7800fb3eaa84eed63f0aa0cf4b3c{\nborder-radius:0px 0px 0px 0px;\npadding:0px 0px 0px 0px;\n}\n<\/style>\n<div  class='flex_column av-b016h-7b3d7800fb3eaa84eed63f0aa0cf4b3c av_one_third  avia-builder-el-21  el_after_av_one_third  avia-builder-el-last  flex_column_div av-zero-column-padding  '     ><style type=\"text\/css\" data-created_by=\"avia_inline_auto\" id=\"style-css-av-ol929-de4b39f16b8770da1e8975f8ff406352\">\n#top .avia-icon-list-container.av-ol929-de4b39f16b8770da1e8975f8ff406352 .iconlist_icon{\nbackground-color:#55b777;\n}\n<\/style>\n<div  class='avia-icon-list-container av-ol929-de4b39f16b8770da1e8975f8ff406352  avia-builder-el-22  avia-builder-el-no-sibling '><ul class='avia-icon-list avia_animate_when_almost_visible avia-icon-list-left av-iconlist-big av-ol929-de4b39f16b8770da1e8975f8ff406352 avia-iconlist-animate'>\n<li><a href='http:\/\/www.avenyproduction.se\/ytskyddsakademienold\/wp-content\/uploads\/2020\/04\/polyuretan.pdf' title='Polyuretan'  target=\"_blank\"  rel=\"noopener noreferrer\" class='iconlist_icon av-czmc9-eeed4b9dfb30d47dabfcd5b15bf9153c avia-font-entypo-fontello'><span class='iconlist-char' aria-hidden='true' data-av_icon='\ue84d' data-av_iconfont='entypo-fontello'><\/span><\/a><article class=\"article-icon-entry av-iconlist-empty\"  itemscope=\"itemscope\" itemtype=\"https:\/\/schema.org\/CreativeWork\" ><div class=\"iconlist_content_wrap\"><header class=\"entry-content-header\"><h4 class='av_iconlist_title iconlist_title  '  itemprop=\"headline\" ><a href='http:\/\/www.avenyproduction.se\/ytskyddsakademienold\/wp-content\/uploads\/2020\/04\/polyuretan.pdf' title='Polyuretan' target=\"_blank\"  rel=\"noopener noreferrer\">Polyuretan<\/a><\/h4><\/header><div class='iconlist_content '  itemprop=\"text\" ><\/div><\/div><footer class=\"entry-footer\"><\/footer><\/article><div class=\"iconlist-timeline\"><\/div><\/li>\n<li><a href='http:\/\/www.avenyproduction.se\/ytskyddsakademienold\/wp-content\/uploads\/2020\/04\/betong.pdf' title='Renovering och ytskydd av betong'  target=\"_blank\"  rel=\"noopener noreferrer\" class='iconlist_icon av-bmjd5-cffecb13cd52c7f52a17eb35220ec615 avia-font-entypo-fontello'><span class='iconlist-char' aria-hidden='true' data-av_icon='\ue84d' data-av_iconfont='entypo-fontello'><\/span><\/a><article class=\"article-icon-entry av-iconlist-empty\"  itemscope=\"itemscope\" itemtype=\"https:\/\/schema.org\/CreativeWork\" ><div class=\"iconlist_content_wrap\"><header class=\"entry-content-header\"><h4 class='av_iconlist_title iconlist_title  '  itemprop=\"headline\" ><a href='http:\/\/www.avenyproduction.se\/ytskyddsakademienold\/wp-content\/uploads\/2020\/04\/betong.pdf' title='Renovering och ytskydd av betong' target=\"_blank\"  rel=\"noopener noreferrer\">Renovering och ytskydd av betong<\/a><\/h4><\/header><div class='iconlist_content '  itemprop=\"text\" ><\/div><\/div><footer class=\"entry-footer\"><\/footer><\/article><div class=\"iconlist-timeline\"><\/div><\/li>\n<\/ul><\/div><\/div>\n<\/div><\/div><\/div><!-- close content main div --><\/div><\/div><div id='after_section_3'  class='main_color av_default_container_wrap container_wrap sidebar_left'  ><div class='container av-section-cont-open' ><div class='template-page content  av-content-small units'><div class='post-entry post-entry-type-page post-entry-1186'><div class='entry-content-wrapper clearfix'>\n","protected":false},"excerpt":{"rendered":"","protected":false},"author":1,"featured_media":0,"parent":184,"menu_order":32,"comment_status":"closed","ping_status":"closed","template":"","meta":{"footnotes":""},"_links":{"self":[{"href":"http:\/\/www.avenyproduction.se\/ytskyddsakademienold\/wp-json\/wp\/v2\/pages\/1186"}],"collection":[{"href":"http:\/\/www.avenyproduction.se\/ytskyddsakademienold\/wp-json\/wp\/v2\/pages"}],"about":[{"href":"http:\/\/www.avenyproduction.se\/ytskyddsakademienold\/wp-json\/wp\/v2\/types\/page"}],"author":[{"embeddable":true,"href":"http:\/\/www.avenyproduction.se\/ytskyddsakademienold\/wp-json\/wp\/v2\/users\/1"}],"replies":[{"embeddable":true,"href":"http:\/\/www.avenyproduction.se\/ytskyddsakademienold\/wp-json\/wp\/v2\/comments?post=1186"}],"version-history":[{"count":28,"href":"http:\/\/www.avenyproduction.se\/ytskyddsakademienold\/wp-json\/wp\/v2\/pages\/1186\/revisions"}],"predecessor-version":[{"id":2811,"href":"http:\/\/www.avenyproduction.se\/ytskyddsakademienold\/wp-json\/wp\/v2\/pages\/1186\/revisions\/2811"}],"up":[{"embeddable":true,"href":"http:\/\/www.avenyproduction.se\/ytskyddsakademienold\/wp-json\/wp\/v2\/pages\/184"}],"wp:attachment":[{"href":"http:\/\/www.avenyproduction.se\/ytskyddsakademienold\/wp-json\/wp\/v2\/media?parent=1186"}],"curies":[{"name":"wp","href":"https:\/\/api.w.org\/{rel}","templated":true}]}}