{"id":184,"date":"2020-04-27T15:19:07","date_gmt":"2020-04-27T13:19:07","guid":{"rendered":"http:\/\/www.avenyproduction.se\/ytskyddsakademienold\/?page_id=184"},"modified":"2023-01-01T18:56:51","modified_gmt":"2023-01-01T17:56:51","slug":"vara-tjanster","status":"publish","type":"page","link":"http:\/\/www.avenyproduction.se\/ytskyddsakademienold\/vara-tjanster\/","title":{"rendered":"V\u00e5ra tj\u00e4nster"},"content":{"rendered":"\n<style type=\"text\/css\" data-created_by=\"avia_inline_auto\" id=\"style-css-av-dbj9c-b8f116440f8049cb6ef74f70de98d993\">\n.flex_column.av-dbj9c-b8f116440f8049cb6ef74f70de98d993{\nborder-radius:0px 0px 0px 0px;\npadding:0px 0px 0px 0px;\n}\n<\/style>\n<div  class='flex_column av-dbj9c-b8f116440f8049cb6ef74f70de98d993 av_one_fifth  avia-builder-el-0  el_before_av_three_fifth  avia-builder-el-first  first no_margin flex_column_div av-zero-column-padding  '     ><\/div>\r\n\n<style type=\"text\/css\" data-created_by=\"avia_inline_auto\" id=\"style-css-av-31op-9baa13f50e03ce0ac0964ebb698eb950\">\n.flex_column.av-31op-9baa13f50e03ce0ac0964ebb698eb950{\nborder-radius:0px 0px 0px 0px;\npadding:0px 0px 0px 0px;\n}\n<\/style>\n<div  class='flex_column av-31op-9baa13f50e03ce0ac0964ebb698eb950 av_three_fifth  avia-builder-el-1  el_after_av_one_fifth  el_before_av_one_fifth  no_margin flex_column_div av-zero-column-padding  '     ><p>\n<style type=\"text\/css\" data-created_by=\"avia_inline_auto\" id=\"style-css-av-k9jomj1l-20aacd394d557c7e28ec05f5daaca1d5\">\n#top .av-special-heading.av-k9jomj1l-20aacd394d557c7e28ec05f5daaca1d5{\npadding-bottom:10px;\n}\nbody .av-special-heading.av-k9jomj1l-20aacd394d557c7e28ec05f5daaca1d5 .av-special-heading-tag .heading-char{\nfont-size:25px;\n}\n.av-special-heading.av-k9jomj1l-20aacd394d557c7e28ec05f5daaca1d5 .av-subheading{\nfont-size:15px;\n}\n\n@media only screen and (max-width: 479px){ \n#top #wrap_all .av-special-heading.av-k9jomj1l-20aacd394d557c7e28ec05f5daaca1d5 .av-special-heading-tag{\nfont-size:25px;\n}\n}\n<\/style>\n<div  class='av-special-heading av-k9jomj1l-20aacd394d557c7e28ec05f5daaca1d5 av-special-heading-h1 blockquote modern-quote modern-centered  avia-builder-el-2  el_before_av_hr  avia-builder-el-first '><h1 class='av-special-heading-tag'  itemprop=\"headline\"  >V\u00e5ra tj\u00e4nster<\/h1><div class='av-subheading av-subheading_below'><p>R\u00c5DGIVNING &amp; UTBILDNING<\/p>\n<\/div><div class=\"special-heading-border\"><div class=\"special-heading-inner-border\"><\/div><\/div><\/div><br \/>\n\n<style type=\"text\/css\" data-created_by=\"avia_inline_auto\" id=\"style-css-av-k9i8moh2-0fc8c407daa66c14dbfd667ca13f3430\">\n#top .hr.av-k9i8moh2-0fc8c407daa66c14dbfd667ca13f3430{\nmargin-top:15px;\nmargin-bottom:30px;\n}\n.hr.av-k9i8moh2-0fc8c407daa66c14dbfd667ca13f3430 .hr-inner{\nwidth:75px;\nborder-color:#55b776;\n}\n<\/style>\n<div  class='hr av-k9i8moh2-0fc8c407daa66c14dbfd667ca13f3430 hr-custom  avia-builder-el-3  el_after_av_heading  el_before_av_textblock  hr-center hr-icon-no'><span class='hr-inner inner-border-av-border-fat'><span class=\"hr-inner-style\"><\/span><\/span><\/div><br \/>\n<section  class='av_textblock_section av-k9i8loxa-d839ed8273ee55a7de0bff9bbc1dfa59 '   itemscope=\"itemscope\" itemtype=\"https:\/\/schema.org\/CreativeWork\" ><div class='avia_textblock'  itemprop=\"text\" ><p>F\u00f6r att \u00f6ka livsl\u00e4ngden p\u00e5 utrustningar, fasader\/byggnader och konstruktioner i s\u00e5v\u00e4l metall som betong beh\u00f6vs m\u00e5nga olika spetskompetenser och stora resurser. YtskyddsAkademien startades d\u00e4rf\u00f6r f\u00f6r att ge best\u00e4llare, konsulter och entrepren\u00f6rer en b\u00e4ttre m\u00f6jlighet att \u00f6ka h\u00e5llbarheten och f\u00f6rb\u00e4ttra kapitalv\u00e5rden av utrustningar och konstruktioner till en rimlig kostnad.<\/p>\n<p>YtskyddsAkademien arbetar \u00f6ver kunskapsgr\u00e4nserna f\u00f6r att kunna \u00e5stadkomma b\u00e4sta m\u00f6jliga l\u00f6sning f\u00f6r alla v\u00e5ra uppdragsgivare.<\/p>\n<\/div><\/section><\/p><\/div>\n<style type=\"text\/css\" data-created_by=\"avia_inline_auto\" id=\"style-css-av-b9b6w-b70515f8064d4e77a4ebb9805484799d\">\n.flex_column.av-b9b6w-b70515f8064d4e77a4ebb9805484799d{\nborder-radius:0px 0px 0px 0px;\npadding:0px 0px 0px 0px;\n}\n<\/style>\n<div  class='flex_column av-b9b6w-b70515f8064d4e77a4ebb9805484799d av_one_fifth  avia-builder-el-5  el_after_av_three_fifth  el_before_av_hr  no_margin flex_column_div av-zero-column-padding  '     ><\/div><\/p>\r\n\n<style type=\"text\/css\" data-created_by=\"avia_inline_auto\" id=\"style-css-av-k9iildt9-9987334e236fb7dbe5988c7566348f9e\">\n#top .hr.hr-invisible.av-k9iildt9-9987334e236fb7dbe5988c7566348f9e{\nheight:45px;\n}\n<\/style>\n<div  class='hr av-k9iildt9-9987334e236fb7dbe5988c7566348f9e hr-invisible  avia-builder-el-6  el_after_av_one_fifth  el_before_av_heading '><span class='hr-inner '><span class=\"hr-inner-style\"><\/span><\/span><\/div>\r\n\n<style type=\"text\/css\" data-created_by=\"avia_inline_auto\" id=\"style-css-av-kkhjs-becd4d405b182f135ce129c28010b5d6\">\n#top .av-special-heading.av-kkhjs-becd4d405b182f135ce129c28010b5d6{\npadding-bottom:10px;\n}\nbody .av-special-heading.av-kkhjs-becd4d405b182f135ce129c28010b5d6 .av-special-heading-tag .heading-char{\nfont-size:25px;\n}\n.av-special-heading.av-kkhjs-becd4d405b182f135ce129c28010b5d6 .av-subheading{\nfont-size:15px;\n}\n<\/style>\n<div  class='av-special-heading av-kkhjs-becd4d405b182f135ce129c28010b5d6 av-special-heading-h2 blockquote modern-quote modern-centered  avia-builder-el-7  el_after_av_hr  el_before_av_hr '><h2 class='av-special-heading-tag'  itemprop=\"headline\"  >Vilken del av YtskyddsAkademien vill du bes\u00f6ka?<\/h2><div class=\"special-heading-border\"><div class=\"special-heading-inner-border\"><\/div><\/div><\/div>\r\n\n<style type=\"text\/css\" data-created_by=\"avia_inline_auto\" id=\"style-css-av-k9iildt9-9987334e236fb7dbe5988c7566348f9e\">\n#top .hr.hr-invisible.av-k9iildt9-9987334e236fb7dbe5988c7566348f9e{\nheight:45px;\n}\n<\/style>\n<div  class='hr av-k9iildt9-9987334e236fb7dbe5988c7566348f9e hr-invisible  avia-builder-el-8  el_after_av_heading  el_before_av_one_half '><span class='hr-inner '><span class=\"hr-inner-style\"><\/span><\/span><\/div>\r\n<div class='flex_column_table av-ubh-a4857ef75b0eadaf6056a0c26e7aacc3 sc-av_one_half av-equal-height-column-flextable'>\n<style type=\"text\/css\" data-created_by=\"avia_inline_auto\" id=\"style-css-av-ubh-a4857ef75b0eadaf6056a0c26e7aacc3\">\n@keyframes av_boxShadowEffect_av-ubh-a4857ef75b0eadaf6056a0c26e7aacc3-column {\n0%   { box-shadow:  0 0 0 0 #eaeaea; opacity: 1; }\n100% { box-shadow:  0 0 35px 0 #eaeaea; opacity: 1; }\n}\n.flex_column.av-ubh-a4857ef75b0eadaf6056a0c26e7aacc3{\nbox-shadow: 0 0 35px 0 #eaeaea;\nborder-radius:0px 0px 0px 0px;\npadding:45px 45px 45px 45px;\n}\n<\/style>\n<div  class='flex_column av-ubh-a4857ef75b0eadaf6056a0c26e7aacc3 av_one_half  avia-builder-el-9  el_after_av_hr  el_before_av_one_half  first flex_column_table_cell av-equal-height-column av-align-top shadow-not-animated avia-link-column av-column-link avia-link-column-hover  '    data-link-column-url=\"http:\/\/www.avenyproduction.se\/ytskyddsakademienold\/vara-tjanster\/betong\/\"   ><a class=\"av-screen-reader-only\" href=http:\/\/www.avenyproduction.se\/ytskyddsakademienold\/vara-tjanster\/betong\/ >Link to: Betong<\/a><p>\n<style type=\"text\/css\" data-created_by=\"avia_inline_auto\" id=\"style-css-av-k9iifmb2-c5e0a1a8ff89b06d9ceec5ef65826784\">\n.avia-image-container.av-k9iifmb2-c5e0a1a8ff89b06d9ceec5ef65826784 img.avia_image{\nbox-shadow:none;\n}\n.avia-image-container.av-k9iifmb2-c5e0a1a8ff89b06d9ceec5ef65826784 .av-image-caption-overlay-center{\ncolor:#ffffff;\n}\n<\/style>\n<div  class='avia-image-container av-k9iifmb2-c5e0a1a8ff89b06d9ceec5ef65826784 av-styling- avia-align-center  avia-builder-el-10  el_before_av_heading  avia-builder-el-first '   itemprop=\"image\" itemscope=\"itemscope\" itemtype=\"https:\/\/schema.org\/ImageObject\" ><div class=\"avia-image-container-inner\"><div class=\"avia-image-overlay-wrap\"><img decoding=\"async\" fetchpriority=\"high\" class='wp-image-30 avia-img-lazy-loading-not-30 avia_image ' src=\"http:\/\/www.avenyproduction.se\/ytskyddsakademienold\/wp-content\/uploads\/2020\/04\/betong-panel.png\" alt='' title='betong-panel'  height=\"305\" width=\"458\"  itemprop=\"thumbnailUrl\"  \/><\/div><\/div><\/div><br \/>\n\n<style type=\"text\/css\" data-created_by=\"avia_inline_auto\" id=\"style-css-av-f4tkg-7d18de2677f56f12b7d3cc341a4f2e6e\">\n#top .av-special-heading.av-f4tkg-7d18de2677f56f12b7d3cc341a4f2e6e{\npadding-bottom:10px;\n}\nbody .av-special-heading.av-f4tkg-7d18de2677f56f12b7d3cc341a4f2e6e .av-special-heading-tag .heading-char{\nfont-size:25px;\n}\n.av-special-heading.av-f4tkg-7d18de2677f56f12b7d3cc341a4f2e6e .av-subheading{\nfont-size:15px;\n}\n<\/style>\n<div  class='av-special-heading av-f4tkg-7d18de2677f56f12b7d3cc341a4f2e6e av-special-heading-h2 blockquote modern-quote  avia-builder-el-11  el_after_av_image  el_before_av_textblock '><h2 class='av-special-heading-tag'  itemprop=\"headline\"  >Betong<\/h2><div class=\"special-heading-border\"><div class=\"special-heading-inner-border\"><\/div><\/div><\/div><br \/>\n<section  class='av_textblock_section av-k9i8f49o-01ab2e25311c82f762ac369a7bcdb629 '   itemscope=\"itemscope\" itemtype=\"https:\/\/schema.org\/CreativeWork\" ><div class='avia_textblock'  itemprop=\"text\" ><p>Betong kan f\u00f6rst\u00f6ras av en m\u00e4ngd olika orsaker. YtskyddsAkadamiens medlemmar har kunskapen att p\u00e5 b\u00e4sta s\u00e4tt renovera, ytskydda och f\u00f6rst\u00e4rka betongkonstruktioner.<\/p>\n<\/div><\/section><br \/>\n\n<style type=\"text\/css\" data-created_by=\"avia_inline_auto\" id=\"style-css-av-k9iildt9-dd85c8f2979a95ecee84413d1aeec218\">\n#top .hr.hr-invisible.av-k9iildt9-dd85c8f2979a95ecee84413d1aeec218{\nheight:15px;\n}\n<\/style>\n<div  class='hr av-k9iildt9-dd85c8f2979a95ecee84413d1aeec218 hr-invisible  avia-builder-el-13  el_after_av_textblock  el_before_av_button '><span class='hr-inner '><span class=\"hr-inner-style\"><\/span><\/span><\/div><br \/>\n<div  class='avia-button-wrap av-k9iiji27-c1d743a1cdbecfad4279f4b70ec8ee1d-wrap avia-button-left  avia-builder-el-14  el_after_av_hr  avia-builder-el-last '><a href='http:\/\/www.avenyproduction.se\/ytskyddsakademienold\/vara-tjanster\/betong\/'  class='avia-button av-k9iiji27-c1d743a1cdbecfad4279f4b70ec8ee1d avia-icon_select-yes-left-icon avia-size-large avia-position-left av-icon-on-hover avia-color-theme-color-highlight'  ><span class='avia_button_icon avia_button_icon_left' aria-hidden='true' data-av_icon='\ue897' data-av_iconfont='entypo-fontello'><\/span><span class='avia_iconbox_title' >L\u00e4s mer<\/span><\/a><\/div><\/p><\/div>\r\n<div class='av-flex-placeholder'><\/div>\n<style type=\"text\/css\" data-created_by=\"avia_inline_auto\" id=\"style-css-av-ubh-88b4ee99b53f01ab3fc1c85c9af8f9c9\">\n@keyframes av_boxShadowEffect_av-ubh-88b4ee99b53f01ab3fc1c85c9af8f9c9-column {\n0%   { box-shadow:  0 0 0 0 #eaeaea; opacity: 1; }\n100% { box-shadow:  0 0 35px 0 #eaeaea; opacity: 1; }\n}\n.flex_column.av-ubh-88b4ee99b53f01ab3fc1c85c9af8f9c9{\nbox-shadow: 0 0 35px 0 #eaeaea;\nborder-radius:0px 0px 0px 0px;\npadding:45px 45px 45px 45px;\n}\n<\/style>\n<div  class='flex_column av-ubh-88b4ee99b53f01ab3fc1c85c9af8f9c9 av_one_half  avia-builder-el-15  el_after_av_one_half  el_before_av_hr  flex_column_table_cell av-equal-height-column av-align-top shadow-not-animated avia-link-column av-column-link avia-link-column-hover  '    data-link-column-url=\"http:\/\/www.avenyproduction.se\/ytskyddsakademienold\/vara-tjanster\/metall\/\"   ><a class=\"av-screen-reader-only\" href=http:\/\/www.avenyproduction.se\/ytskyddsakademienold\/vara-tjanster\/metall\/ >Link to: Metall<\/a><p>\n<style type=\"text\/css\" data-created_by=\"avia_inline_auto\" id=\"style-css-av-k9iifmb2-51ec03b66d75a8d9337aa29dd6ac4f5d\">\n.avia-image-container.av-k9iifmb2-51ec03b66d75a8d9337aa29dd6ac4f5d img.avia_image{\nbox-shadow:none;\n}\n.avia-image-container.av-k9iifmb2-51ec03b66d75a8d9337aa29dd6ac4f5d .av-image-caption-overlay-center{\ncolor:#ffffff;\n}\n<\/style>\n<div  class='avia-image-container av-k9iifmb2-51ec03b66d75a8d9337aa29dd6ac4f5d av-styling- avia-align-center  avia-builder-el-16  el_before_av_heading  avia-builder-el-first '   itemprop=\"image\" itemscope=\"itemscope\" itemtype=\"https:\/\/schema.org\/ImageObject\" ><div class=\"avia-image-container-inner\"><div class=\"avia-image-overlay-wrap\"><img decoding=\"async\" fetchpriority=\"high\" class='wp-image-31 avia-img-lazy-loading-not-31 avia_image ' src=\"http:\/\/www.avenyproduction.se\/ytskyddsakademienold\/wp-content\/uploads\/2020\/04\/metall-panel.png\" alt='' title='metall-panel'  height=\"305\" width=\"458\"  itemprop=\"thumbnailUrl\"  \/><\/div><\/div><\/div><br \/>\n\n<style type=\"text\/css\" data-created_by=\"avia_inline_auto\" id=\"style-css-av-a6jcw-eeed503e2cbf8c889eea9e35fab9c081\">\n#top .av-special-heading.av-a6jcw-eeed503e2cbf8c889eea9e35fab9c081{\npadding-bottom:10px;\n}\nbody .av-special-heading.av-a6jcw-eeed503e2cbf8c889eea9e35fab9c081 .av-special-heading-tag .heading-char{\nfont-size:25px;\n}\n.av-special-heading.av-a6jcw-eeed503e2cbf8c889eea9e35fab9c081 .av-subheading{\nfont-size:15px;\n}\n<\/style>\n<div  class='av-special-heading av-a6jcw-eeed503e2cbf8c889eea9e35fab9c081 av-special-heading-h2 blockquote modern-quote  avia-builder-el-17  el_after_av_image  el_before_av_textblock '><h2 class='av-special-heading-tag'  itemprop=\"headline\"  >Metall<\/h2><div class=\"special-heading-border\"><div class=\"special-heading-inner-border\"><\/div><\/div><\/div><br \/>\n<section  class='av_textblock_section av-k9i8f49o-01ab2e25311c82f762ac369a7bcdb629 '   itemscope=\"itemscope\" itemtype=\"https:\/\/schema.org\/CreativeWork\" ><div class='avia_textblock'  itemprop=\"text\" ><p>Metall f\u00f6rst\u00f6rs mestadels av slitage, erosion, korrosion och kemikalieangrepp. YtskyddsAkademiens medlemmar har spetskompetenserna f\u00f6r att \u00f6ka livsl\u00e4ngden p\u00e5 utrustningar och konstruktioner i metall.<\/p>\n<\/div><\/section><br \/>\n\n<style type=\"text\/css\" data-created_by=\"avia_inline_auto\" id=\"style-css-av-k9iildt9-dd85c8f2979a95ecee84413d1aeec218\">\n#top .hr.hr-invisible.av-k9iildt9-dd85c8f2979a95ecee84413d1aeec218{\nheight:15px;\n}\n<\/style>\n<div  class='hr av-k9iildt9-dd85c8f2979a95ecee84413d1aeec218 hr-invisible  avia-builder-el-19  el_after_av_textblock  el_before_av_button '><span class='hr-inner '><span class=\"hr-inner-style\"><\/span><\/span><\/div><br \/>\n<div  class='avia-button-wrap av-k9iiji27-9285966d6a7b0c6a0c67b99f11eac322-wrap avia-button-left  avia-builder-el-20  el_after_av_hr  avia-builder-el-last '><a href='http:\/\/www.avenyproduction.se\/ytskyddsakademienold\/vara-tjanster\/metall\/'  class='avia-button av-k9iiji27-9285966d6a7b0c6a0c67b99f11eac322 avia-icon_select-yes-left-icon avia-size-large avia-position-left av-icon-on-hover avia-color-theme-color-highlight'  ><span class='avia_button_icon avia_button_icon_left' aria-hidden='true' data-av_icon='\ue897' data-av_iconfont='entypo-fontello'><\/span><span class='avia_iconbox_title' >L\u00e4s mer<\/span><\/a><\/div><\/p><\/div><\/div><!--close column table wrapper. Autoclose: 1 -->\r\n\n<style type=\"text\/css\" data-created_by=\"avia_inline_auto\" id=\"style-css-av-k9iildt9-9987334e236fb7dbe5988c7566348f9e\">\n#top .hr.hr-invisible.av-k9iildt9-9987334e236fb7dbe5988c7566348f9e{\nheight:45px;\n}\n<\/style>\n<div  class='hr av-k9iildt9-9987334e236fb7dbe5988c7566348f9e hr-invisible  avia-builder-el-21  el_after_av_one_half  avia-builder-el-last '><span class='hr-inner '><span class=\"hr-inner-style\"><\/span><\/span><\/div>","protected":false},"excerpt":{"rendered":"","protected":false},"author":1,"featured_media":0,"parent":0,"menu_order":10,"comment_status":"closed","ping_status":"open","template":"","meta":{"footnotes":""},"_links":{"self":[{"href":"http:\/\/www.avenyproduction.se\/ytskyddsakademienold\/wp-json\/wp\/v2\/pages\/184"}],"collection":[{"href":"http:\/\/www.avenyproduction.se\/ytskyddsakademienold\/wp-json\/wp\/v2\/pages"}],"about":[{"href":"http:\/\/www.avenyproduction.se\/ytskyddsakademienold\/wp-json\/wp\/v2\/types\/page"}],"author":[{"embeddable":true,"href":"http:\/\/www.avenyproduction.se\/ytskyddsakademienold\/wp-json\/wp\/v2\/users\/1"}],"replies":[{"embeddable":true,"href":"http:\/\/www.avenyproduction.se\/ytskyddsakademienold\/wp-json\/wp\/v2\/comments?post=184"}],"version-history":[{"count":19,"href":"http:\/\/www.avenyproduction.se\/ytskyddsakademienold\/wp-json\/wp\/v2\/pages\/184\/revisions"}],"predecessor-version":[{"id":189,"href":"http:\/\/www.avenyproduction.se\/ytskyddsakademienold\/wp-json\/wp\/v2\/pages\/184\/revisions\/189"}],"wp:attachment":[{"href":"http:\/\/www.avenyproduction.se\/ytskyddsakademienold\/wp-json\/wp\/v2\/media?parent=184"}],"curies":[{"name":"wp","href":"https:\/\/api.w.org\/{rel}","templated":true}]}}