{"id":202,"date":"2020-04-27T15:57:15","date_gmt":"2020-04-27T13:57:15","guid":{"rendered":"http:\/\/www.avenyproduction.se\/ytskyddsakademienold\/?page_id=202"},"modified":"2021-01-11T22:24:44","modified_gmt":"2021-01-11T21:24:44","slug":"om-oss","status":"publish","type":"page","link":"http:\/\/www.avenyproduction.se\/ytskyddsakademienold\/om-oss\/","title":{"rendered":"Om oss"},"content":{"rendered":"\n<style type=\"text\/css\" data-created_by=\"avia_inline_auto\" id=\"style-css-av-dbj9c-b8f116440f8049cb6ef74f70de98d993\">\n.flex_column.av-dbj9c-b8f116440f8049cb6ef74f70de98d993{\nborder-radius:0px 0px 0px 0px;\npadding:0px 0px 0px 0px;\n}\n<\/style>\n<div  class='flex_column av-dbj9c-b8f116440f8049cb6ef74f70de98d993 av_one_fifth  avia-builder-el-0  el_before_av_three_fifth  avia-builder-el-first  first no_margin flex_column_div av-zero-column-padding  '     ><\/div>\n\n<style type=\"text\/css\" data-created_by=\"avia_inline_auto\" id=\"style-css-av-31op-9baa13f50e03ce0ac0964ebb698eb950\">\n.flex_column.av-31op-9baa13f50e03ce0ac0964ebb698eb950{\nborder-radius:0px 0px 0px 0px;\npadding:0px 0px 0px 0px;\n}\n<\/style>\n<div  class='flex_column av-31op-9baa13f50e03ce0ac0964ebb698eb950 av_three_fifth  avia-builder-el-1  el_after_av_one_fifth  el_before_av_one_fifth  no_margin flex_column_div av-zero-column-padding  '     ><p>\n<style type=\"text\/css\" data-created_by=\"avia_inline_auto\" id=\"style-css-av-av_heading-f67742b8176cb8df86582045e2f7d430\">\n#top .av-special-heading.av-av_heading-f67742b8176cb8df86582045e2f7d430{\npadding-bottom:10px;\n}\nbody .av-special-heading.av-av_heading-f67742b8176cb8df86582045e2f7d430 .av-special-heading-tag .heading-char{\nfont-size:25px;\n}\n.av-special-heading.av-av_heading-f67742b8176cb8df86582045e2f7d430 .av-subheading{\nfont-size:15px;\n}\n\n@media only screen and (max-width: 479px){ \n#top #wrap_all .av-special-heading.av-av_heading-f67742b8176cb8df86582045e2f7d430 .av-special-heading-tag{\nfont-size:25px;\n}\n}\n<\/style>\n<div  class='av-special-heading av-av_heading-f67742b8176cb8df86582045e2f7d430 av-special-heading-h1 blockquote modern-quote modern-centered  avia-builder-el-2  el_before_av_hr  avia-builder-el-first '><h1 class='av-special-heading-tag'  itemprop=\"headline\"  >Om oss<\/h1><div class=\"special-heading-border\"><div class=\"special-heading-inner-border\"><\/div><\/div><\/div><br \/>\n\n<style type=\"text\/css\" data-created_by=\"avia_inline_auto\" id=\"style-css-av-k9i8moh2-0fc8c407daa66c14dbfd667ca13f3430\">\n#top .hr.av-k9i8moh2-0fc8c407daa66c14dbfd667ca13f3430{\nmargin-top:15px;\nmargin-bottom:30px;\n}\n.hr.av-k9i8moh2-0fc8c407daa66c14dbfd667ca13f3430 .hr-inner{\nwidth:75px;\nborder-color:#55b776;\n}\n<\/style>\n<div  class='hr av-k9i8moh2-0fc8c407daa66c14dbfd667ca13f3430 hr-custom  avia-builder-el-3  el_after_av_heading  el_before_av_textblock  hr-center hr-icon-no'><span class='hr-inner inner-border-av-border-fat'><span class=\"hr-inner-style\"><\/span><\/span><\/div><br \/>\n<section  class='av_textblock_section av-k9i8loxa-d839ed8273ee55a7de0bff9bbc1dfa59 '   itemscope=\"itemscope\" itemtype=\"https:\/\/schema.org\/CreativeWork\" ><div class='avia_textblock'  itemprop=\"text\" ><p>Swerea Kimab f.d Korrosionsinstitutet och RISE CBI Betonginstitutet har ber\u00e4knat att f\u00f6rst\u00f6relsen av metall och betong kostar \u00f6ver 200 miljarder varje \u00e5r och bevisligen finns det miljarder att spara genom att anv\u00e4nda r\u00e4tt produkter, p\u00e5 r\u00e4tt plats och p\u00e5 r\u00e4tt s\u00e4tt i tid.<\/p>\n<p>YtskyddsAkademien startades f\u00f6r att ge best\u00e4llare, konsulter och entrepren\u00f6rer b\u00e4sta m\u00f6jliga r\u00e5dgivning f\u00f6r kunna \u00f6ka h\u00e5llbarheten och f\u00f6rb\u00e4ttra kapitalv\u00e5rden av utrustningar och konstruktioner i betong och metall.<\/p>\n<p>Renovering, ytskydd samt f\u00f6rst\u00e4rkning av metall och betong \u00e4r ett av de mest komplexa arbetsomr\u00e5den som finns och f\u00f6r att hj\u00e4lp till att \u00f6ka livsl\u00e4ngden p\u00e5 utrustningar och konstruktioner s\u00e5 har Ytskyddsakademien lyckats engagera \u00f6ver 100 kunniga personer som var och en har minst 20 \u00e5rs erfarenhet sitt arbetsomr\u00e5de vilket borgar f\u00f6r b\u00e4sta m\u00f6jliga r\u00e5dgivning och support.<\/p>\n<\/div><\/section><br \/>\n\n<style type=\"text\/css\" data-created_by=\"avia_inline_auto\" id=\"style-css-av-k9iildt9-6d6b136211acca64816bb895ead4f7de\">\n#top .hr.hr-invisible.av-k9iildt9-6d6b136211acca64816bb895ead4f7de{\nheight:90px;\n}\n<\/style>\n<div  class='hr av-k9iildt9-6d6b136211acca64816bb895ead4f7de hr-invisible  avia-builder-el-5  el_after_av_textblock  avia-builder-el-last '><span class='hr-inner '><span class=\"hr-inner-style\"><\/span><\/span><\/div><\/p><\/div>\n<style type=\"text\/css\" data-created_by=\"avia_inline_auto\" id=\"style-css-av-b9b6w-b70515f8064d4e77a4ebb9805484799d\">\n.flex_column.av-b9b6w-b70515f8064d4e77a4ebb9805484799d{\nborder-radius:0px 0px 0px 0px;\npadding:0px 0px 0px 0px;\n}\n<\/style>\n<div  class='flex_column av-b9b6w-b70515f8064d4e77a4ebb9805484799d av_one_fifth  avia-builder-el-6  el_after_av_three_fifth  el_before_av_two_fifth  no_margin flex_column_div av-zero-column-padding  '     ><\/div><\/p>\n<div class='flex_column_table av-ubh-69fa882c126764ccb332686c5b08fc37 sc-av_two_fifth av-equal-height-column-flextable'>\n<style type=\"text\/css\" data-created_by=\"avia_inline_auto\" id=\"style-css-av-ubh-69fa882c126764ccb332686c5b08fc37\">\n.flex_column.av-ubh-69fa882c126764ccb332686c5b08fc37{\nborder-radius:0px 0px 0px 0px;\npadding:0px 0px 0px 0px;\n}\n<\/style>\n<div  class='flex_column av-ubh-69fa882c126764ccb332686c5b08fc37 av_two_fifth  avia-builder-el-7  el_after_av_one_fifth  el_before_av_three_fifth  first flex_column_table_cell av-equal-height-column av-align-middle av-zero-column-padding  column-top-margin'     ><style type=\"text\/css\" data-created_by=\"avia_inline_auto\" id=\"style-css-av-k9iifmb2-ceeb3b0f5d1108e4732c148f4c024771\">\n.avia-image-container.av-k9iifmb2-ceeb3b0f5d1108e4732c148f4c024771 img.avia_image{\nbox-shadow:none;\n}\n.avia-image-container.av-k9iifmb2-ceeb3b0f5d1108e4732c148f4c024771 .av-image-caption-overlay-center{\ncolor:#ffffff;\n}\n<\/style>\n<div  class='avia-image-container av-k9iifmb2-ceeb3b0f5d1108e4732c148f4c024771 av-styling- avia-align-center  avia-builder-el-8  avia-builder-el-no-sibling '   itemprop=\"image\" itemscope=\"itemscope\" itemtype=\"https:\/\/schema.org\/ImageObject\" ><div class=\"avia-image-container-inner\"><div class=\"avia-image-overlay-wrap\"><img decoding=\"async\" fetchpriority=\"high\" class='wp-image-251 avia-img-lazy-loading-not-251 avia_image ' src=\"http:\/\/www.avenyproduction.se\/ytskyddsakademienold\/wp-content\/uploads\/2020\/04\/1x1-1024x1024.jpg\" alt='Kunskap utan gr\u00e4nser' title=''  height=\"1024\" width=\"1024\"  itemprop=\"thumbnailUrl\" srcset=\"http:\/\/www.avenyproduction.se\/ytskyddsakademienold\/wp-content\/uploads\/2020\/04\/1x1-1024x1024.jpg 1024w, http:\/\/www.avenyproduction.se\/ytskyddsakademienold\/wp-content\/uploads\/2020\/04\/1x1.jpg 2048w, http:\/\/www.avenyproduction.se\/ytskyddsakademienold\/wp-content\/uploads\/2020\/04\/1x1-640x640.jpg 640w, http:\/\/www.avenyproduction.se\/ytskyddsakademienold\/wp-content\/uploads\/2020\/04\/1x1-768x768.jpg 768w, http:\/\/www.avenyproduction.se\/ytskyddsakademienold\/wp-content\/uploads\/2020\/04\/1x1-1536x1536.jpg 1536w, http:\/\/www.avenyproduction.se\/ytskyddsakademienold\/wp-content\/uploads\/2020\/04\/1x1-36x36.jpg 36w, http:\/\/www.avenyproduction.se\/ytskyddsakademienold\/wp-content\/uploads\/2020\/04\/1x1-180x180.jpg 180w, http:\/\/www.avenyproduction.se\/ytskyddsakademienold\/wp-content\/uploads\/2020\/04\/1x1-1500x1500.jpg 1500w, http:\/\/www.avenyproduction.se\/ytskyddsakademienold\/wp-content\/uploads\/2020\/04\/1x1-705x705.jpg 705w\" sizes=\"(max-width: 1024px) 100vw, 1024px\" \/><\/div><\/div><\/div><\/div>\n<div class='av-flex-placeholder'><\/div>\n<style type=\"text\/css\" data-created_by=\"avia_inline_auto\" id=\"style-css-av-ubh-510555670b51d4054176a1b66e47c9c9\">\n.flex_column.av-ubh-510555670b51d4054176a1b66e47c9c9{\nborder-radius:0px 0px 0px 0px;\npadding:0px 0px 0px 0px;\n}\n<\/style>\n<div  class='flex_column av-ubh-510555670b51d4054176a1b66e47c9c9 av_three_fifth  avia-builder-el-9  el_after_av_two_fifth  el_before_av_hr  flex_column_table_cell av-equal-height-column av-align-middle av-zero-column-padding  column-top-margin'     ><p>\n<style type=\"text\/css\" data-created_by=\"avia_inline_auto\" id=\"style-css-av-kjt2qypk-d31bf79a37aa2d04f0c616c691b4c8d3\">\n#top .av-special-heading.av-kjt2qypk-d31bf79a37aa2d04f0c616c691b4c8d3{\npadding-bottom:10px;\n}\nbody .av-special-heading.av-kjt2qypk-d31bf79a37aa2d04f0c616c691b4c8d3 .av-special-heading-tag .heading-char{\nfont-size:25px;\n}\n.av-special-heading.av-kjt2qypk-d31bf79a37aa2d04f0c616c691b4c8d3 .av-subheading{\nfont-size:15px;\n}\n\n@media only screen and (max-width: 479px){ \n#top #wrap_all .av-special-heading.av-kjt2qypk-d31bf79a37aa2d04f0c616c691b4c8d3 .av-special-heading-tag{\nfont-size:25px;\n}\n}\n<\/style>\n<div  class='av-special-heading av-kjt2qypk-d31bf79a37aa2d04f0c616c691b4c8d3 av-special-heading-h3 blockquote modern-quote  avia-builder-el-10  el_before_av_textblock  avia-builder-el-first '><h3 class='av-special-heading-tag'  itemprop=\"headline\"  >KRITERIER F\u00d6R ATT BLI INVALD SOM MEDLEM I YTSKYDDSAKADEMIEN:<\/h3><div class=\"special-heading-border\"><div class=\"special-heading-inner-border\"><\/div><\/div><\/div><br \/>\n<section  class='av_textblock_section av-k9i8loxa-d839ed8273ee55a7de0bff9bbc1dfa59 '   itemscope=\"itemscope\" itemtype=\"https:\/\/schema.org\/CreativeWork\" ><div class='avia_textblock'  itemprop=\"text\" ><ul>\n<li>Minst 20 \u00e5rs erfarenhet inom specifikt arbetsomr\u00e5de<\/li>\n<li>Bevisat unika kunskaper genom att dokumenterat kunnat spara tid, pengar, energi och milj\u00f6p\u00e5verkan \u00e5t en m\u00e4ngd uppdragsgivare<\/li>\n<li>En v\u00e4lrenommerad person inom sin bransch<\/li>\n<li>Inga sv\u00e5righeter med att arbeta \u00f6ver kunskapsgr\u00e4nserna f\u00f6r att p\u00e5 detta s\u00e4tt kunna optimera ytskyddet<\/li>\n<\/ul>\n<\/div><\/section><\/p><\/div><\/div><!--close column table wrapper. Autoclose: 1 -->\n<style type=\"text\/css\" data-created_by=\"avia_inline_auto\" id=\"style-css-av-k9iildt9-9987334e236fb7dbe5988c7566348f9e\">\n#top .hr.hr-invisible.av-k9iildt9-9987334e236fb7dbe5988c7566348f9e{\nheight:45px;\n}\n<\/style>\n<div  class='hr av-k9iildt9-9987334e236fb7dbe5988c7566348f9e hr-invisible  avia-builder-el-12  el_after_av_three_fifth  avia-builder-el-last '><span class='hr-inner '><span class=\"hr-inner-style\"><\/span><\/span><\/div><\/p>\n","protected":false},"excerpt":{"rendered":"","protected":false},"author":1,"featured_media":0,"parent":0,"menu_order":15,"comment_status":"closed","ping_status":"open","template":"","meta":{"footnotes":""},"_links":{"self":[{"href":"http:\/\/www.avenyproduction.se\/ytskyddsakademienold\/wp-json\/wp\/v2\/pages\/202"}],"collection":[{"href":"http:\/\/www.avenyproduction.se\/ytskyddsakademienold\/wp-json\/wp\/v2\/pages"}],"about":[{"href":"http:\/\/www.avenyproduction.se\/ytskyddsakademienold\/wp-json\/wp\/v2\/types\/page"}],"author":[{"embeddable":true,"href":"http:\/\/www.avenyproduction.se\/ytskyddsakademienold\/wp-json\/wp\/v2\/users\/1"}],"replies":[{"embeddable":true,"href":"http:\/\/www.avenyproduction.se\/ytskyddsakademienold\/wp-json\/wp\/v2\/comments?post=202"}],"version-history":[{"count":16,"href":"http:\/\/www.avenyproduction.se\/ytskyddsakademienold\/wp-json\/wp\/v2\/pages\/202\/revisions"}],"predecessor-version":[{"id":1309,"href":"http:\/\/www.avenyproduction.se\/ytskyddsakademienold\/wp-json\/wp\/v2\/pages\/202\/revisions\/1309"}],"wp:attachment":[{"href":"http:\/\/www.avenyproduction.se\/ytskyddsakademienold\/wp-json\/wp\/v2\/media?parent=202"}],"curies":[{"name":"wp","href":"https:\/\/api.w.org\/{rel}","templated":true}]}}