{"id":269,"date":"2020-04-28T11:20:25","date_gmt":"2020-04-28T09:20:25","guid":{"rendered":"http:\/\/www.avenyproduction.se\/ytskyddsakademienold\/?page_id=269"},"modified":"2020-11-26T23:29:46","modified_gmt":"2020-11-26T22:29:46","slug":"medlem","status":"publish","type":"page","link":"http:\/\/www.avenyproduction.se\/ytskyddsakademienold\/medlem\/","title":{"rendered":"Medlem"},"content":{"rendered":"\n<style type=\"text\/css\" data-created_by=\"avia_inline_auto\" id=\"style-css-av-dbj9c-b8f116440f8049cb6ef74f70de98d993\">\n.flex_column.av-dbj9c-b8f116440f8049cb6ef74f70de98d993{\nborder-radius:0px 0px 0px 0px;\npadding:0px 0px 0px 0px;\n}\n<\/style>\n<div  class='flex_column av-dbj9c-b8f116440f8049cb6ef74f70de98d993 av_one_fifth  avia-builder-el-0  el_before_av_three_fifth  avia-builder-el-first  first no_margin flex_column_div av-zero-column-padding  '     ><\/div>\n\n<style type=\"text\/css\" data-created_by=\"avia_inline_auto\" id=\"style-css-av-31op-9baa13f50e03ce0ac0964ebb698eb950\">\n.flex_column.av-31op-9baa13f50e03ce0ac0964ebb698eb950{\nborder-radius:0px 0px 0px 0px;\npadding:0px 0px 0px 0px;\n}\n<\/style>\n<div  class='flex_column av-31op-9baa13f50e03ce0ac0964ebb698eb950 av_three_fifth  avia-builder-el-1  el_after_av_one_fifth  el_before_av_one_fifth  no_margin flex_column_div av-zero-column-padding  '     ><p>\n<style type=\"text\/css\" data-created_by=\"avia_inline_auto\" id=\"style-css-av-k9jp0upo-2b58188e7069bff4958870d266b57809\">\n#top .av-special-heading.av-k9jp0upo-2b58188e7069bff4958870d266b57809{\npadding-bottom:10px;\n}\nbody .av-special-heading.av-k9jp0upo-2b58188e7069bff4958870d266b57809 .av-special-heading-tag .heading-char{\nfont-size:25px;\n}\n.av-special-heading.av-k9jp0upo-2b58188e7069bff4958870d266b57809 .av-subheading{\nfont-size:15px;\n}\n\n@media only screen and (max-width: 479px){ \n#top #wrap_all .av-special-heading.av-k9jp0upo-2b58188e7069bff4958870d266b57809 .av-special-heading-tag{\nfont-size:25px;\n}\n}\n<\/style>\n<div  class='av-special-heading av-k9jp0upo-2b58188e7069bff4958870d266b57809 av-special-heading-h1 blockquote modern-quote modern-centered  avia-builder-el-2  el_before_av_hr  avia-builder-el-first '><h1 class='av-special-heading-tag'  itemprop=\"headline\"  >Medlem<\/h1><div class=\"special-heading-border\"><div class=\"special-heading-inner-border\"><\/div><\/div><\/div><br \/>\n\n<style type=\"text\/css\" data-created_by=\"avia_inline_auto\" id=\"style-css-av-k9i8moh2-0fc8c407daa66c14dbfd667ca13f3430\">\n#top .hr.av-k9i8moh2-0fc8c407daa66c14dbfd667ca13f3430{\nmargin-top:15px;\nmargin-bottom:30px;\n}\n.hr.av-k9i8moh2-0fc8c407daa66c14dbfd667ca13f3430 .hr-inner{\nwidth:75px;\nborder-color:#55b776;\n}\n<\/style>\n<div  class='hr av-k9i8moh2-0fc8c407daa66c14dbfd667ca13f3430 hr-custom  avia-builder-el-3  el_after_av_heading  el_before_av_textblock  hr-center hr-icon-no'><span class='hr-inner inner-border-av-border-fat'><span class=\"hr-inner-style\"><\/span><\/span><\/div><br \/>\n<section  class='av_textblock_section av-k9i8loxa-d839ed8273ee55a7de0bff9bbc1dfa59 '   itemscope=\"itemscope\" itemtype=\"https:\/\/schema.org\/CreativeWork\" ><div class='avia_textblock'  itemprop=\"text\" ><p>F\u00f6r att kunna v\u00e4gleda s\u00e5 m\u00e5nga som m\u00f6jligt g\u00e4llande renovering, ytskydd och f\u00f6rst\u00e4rkning av metall och betong p\u00e5 b\u00e4sta s\u00e4tt s\u00e5 kan det vara behov av att r\u00e5dfr\u00e5ga personer som har specifik spetskompetens och m\u00e5ng\u00e5rig erfarenhet.<\/p>\n<p>Kriterier f\u00f6r att bli invald som medlem i Ytskyddsakademien:<\/p>\n<ul>\n<li>Minst 20 \u00e5rs erfarenhet inom specifikt arbetsomr\u00e5de<\/li>\n<li>Bevisat unika kunskaper genom att dokumenterat kunnat spara tid, pengar, energi och milj\u00f6p\u00e5verkan \u00e5t en m\u00e4ngd uppdragsgivare.<\/li>\n<li>En v\u00e4lrenommerad person inom sin bransch<\/li>\n<li>Inga sv\u00e5righeter med att arbeta \u00f6ver kunskapsgr\u00e4nserna f\u00f6r att p\u00e5 detta s\u00e4tt kunna optimera ytskyddet<\/li>\n<\/ul>\n<p>N\u00e5gra av de personer som \u00e4r invalda och villiga att ge Ytskyddsakademiens medlemmar och kunder kunskapssupport \u00e4r bl.a:<\/p>\n<\/div><\/section><\/p><\/div>\n\n<style type=\"text\/css\" data-created_by=\"avia_inline_auto\" id=\"style-css-av-b9b6w-b70515f8064d4e77a4ebb9805484799d\">\n.flex_column.av-b9b6w-b70515f8064d4e77a4ebb9805484799d{\nborder-radius:0px 0px 0px 0px;\npadding:0px 0px 0px 0px;\n}\n<\/style>\n<div  class='flex_column av-b9b6w-b70515f8064d4e77a4ebb9805484799d av_one_fifth  avia-builder-el-5  el_after_av_three_fifth  el_before_av_button_big  avia-builder-el-last  no_margin flex_column_div av-zero-column-padding  '     ><\/div>\n<div  class='avia-button-wrap avia-button-center  avia-builder-el-6  el_after_av_one_fifth  avia-builder-el-last '>\n<style type=\"text\/css\" data-created_by=\"avia_inline_auto\" id=\"style-css-av-k9k86e75-6407b94263df03b9cd1d0c9feaa6ab8d\">\n#top #wrap_all .avia-button.av-k9k86e75-6407b94263df03b9cd1d0c9feaa6ab8d{\ncolor:#ffffff;\ntransition:all 0.4s ease-in-out;\n}\n#top #wrap_all .avia-button.av-k9k86e75-6407b94263df03b9cd1d0c9feaa6ab8d:hover{\nbackground-color:#43995e;\ncolor:#ffffff;\ntransition:all 0.4s ease-in-out;\n}\n<\/style>\n<a href='http:\/\/www.avenyproduction.se\/ytskyddsakademienold\/mailadresser\/' class='avia-color-theme-color avia-button avia-button-fullwidth av-k9k86e75-6407b94263df03b9cd1d0c9feaa6ab8d avia-icon_select-no avia-color-theme-color'  ><span class='avia_iconbox_title' >F\u00f6r ytterligare medlemmar klicka h\u00e4r<\/span><\/a><\/div>\n","protected":false},"excerpt":{"rendered":"","protected":false},"author":1,"featured_media":0,"parent":0,"menu_order":20,"comment_status":"closed","ping_status":"open","template":"","meta":{"footnotes":""},"_links":{"self":[{"href":"http:\/\/www.avenyproduction.se\/ytskyddsakademienold\/wp-json\/wp\/v2\/pages\/269"}],"collection":[{"href":"http:\/\/www.avenyproduction.se\/ytskyddsakademienold\/wp-json\/wp\/v2\/pages"}],"about":[{"href":"http:\/\/www.avenyproduction.se\/ytskyddsakademienold\/wp-json\/wp\/v2\/types\/page"}],"author":[{"embeddable":true,"href":"http:\/\/www.avenyproduction.se\/ytskyddsakademienold\/wp-json\/wp\/v2\/users\/1"}],"replies":[{"embeddable":true,"href":"http:\/\/www.avenyproduction.se\/ytskyddsakademienold\/wp-json\/wp\/v2\/comments?post=269"}],"version-history":[{"count":8,"href":"http:\/\/www.avenyproduction.se\/ytskyddsakademienold\/wp-json\/wp\/v2\/pages\/269\/revisions"}],"predecessor-version":[{"id":962,"href":"http:\/\/www.avenyproduction.se\/ytskyddsakademienold\/wp-json\/wp\/v2\/pages\/269\/revisions\/962"}],"wp:attachment":[{"href":"http:\/\/www.avenyproduction.se\/ytskyddsakademienold\/wp-json\/wp\/v2\/media?parent=269"}],"curies":[{"name":"wp","href":"https:\/\/api.w.org\/{rel}","templated":true}]}}