{"id":305,"date":"2020-04-28T13:30:38","date_gmt":"2020-04-28T11:30:38","guid":{"rendered":"http:\/\/www.avenyproduction.se\/ytskyddsakademienold\/?page_id=305"},"modified":"2023-01-01T18:55:26","modified_gmt":"2023-01-01T17:55:26","slug":"betong","status":"publish","type":"page","link":"http:\/\/www.avenyproduction.se\/ytskyddsakademienold\/vara-tjanster\/betong\/","title":{"rendered":"Betong"},"content":{"rendered":"\n<style type=\"text\/css\" data-created_by=\"avia_inline_auto\" id=\"style-css-av-dbj9c-b8f116440f8049cb6ef74f70de98d993\">\n.flex_column.av-dbj9c-b8f116440f8049cb6ef74f70de98d993{\nborder-radius:0px 0px 0px 0px;\npadding:0px 0px 0px 0px;\n}\n<\/style>\n<div  class='flex_column av-dbj9c-b8f116440f8049cb6ef74f70de98d993 av_one_fifth  avia-builder-el-0  el_before_av_three_fifth  avia-builder-el-first  first no_margin flex_column_div av-zero-column-padding  '     ><\/div>\n\n<style type=\"text\/css\" data-created_by=\"avia_inline_auto\" id=\"style-css-av-31op-9baa13f50e03ce0ac0964ebb698eb950\">\n.flex_column.av-31op-9baa13f50e03ce0ac0964ebb698eb950{\nborder-radius:0px 0px 0px 0px;\npadding:0px 0px 0px 0px;\n}\n<\/style>\n<div  class='flex_column av-31op-9baa13f50e03ce0ac0964ebb698eb950 av_three_fifth  avia-builder-el-1  el_after_av_one_fifth  el_before_av_one_fifth  no_margin flex_column_div av-zero-column-padding  '     ><p>\n<style type=\"text\/css\" data-created_by=\"avia_inline_auto\" id=\"style-css-av-9wdpl-73959773257ac97f6fcc5131d7f88676\">\n#top .av-special-heading.av-9wdpl-73959773257ac97f6fcc5131d7f88676{\npadding-bottom:10px;\n}\nbody .av-special-heading.av-9wdpl-73959773257ac97f6fcc5131d7f88676 .av-special-heading-tag .heading-char{\nfont-size:25px;\n}\n.av-special-heading.av-9wdpl-73959773257ac97f6fcc5131d7f88676 .av-subheading{\nfont-size:15px;\n}\n\n@media only screen and (max-width: 479px){ \n#top #wrap_all .av-special-heading.av-9wdpl-73959773257ac97f6fcc5131d7f88676 .av-special-heading-tag{\nfont-size:25px;\n}\n}\n<\/style>\n<div  class='av-special-heading av-9wdpl-73959773257ac97f6fcc5131d7f88676 av-special-heading-h1 blockquote modern-quote modern-centered  avia-builder-el-2  el_before_av_hr  avia-builder-el-first '><h1 class='av-special-heading-tag'  itemprop=\"headline\"  >Betongskador, orsaker och \u00e5tg\u00e4rder<\/h1><div class='av-subheading av-subheading_below'><p>R\u00c5DGIVNING &amp; UTBILDNING<\/p>\n<\/div><div class=\"special-heading-border\"><div class=\"special-heading-inner-border\"><\/div><\/div><\/div><br \/>\n\n<style type=\"text\/css\" data-created_by=\"avia_inline_auto\" id=\"style-css-av-k9i8moh2-0fc8c407daa66c14dbfd667ca13f3430\">\n#top .hr.av-k9i8moh2-0fc8c407daa66c14dbfd667ca13f3430{\nmargin-top:15px;\nmargin-bottom:30px;\n}\n.hr.av-k9i8moh2-0fc8c407daa66c14dbfd667ca13f3430 .hr-inner{\nwidth:75px;\nborder-color:#55b776;\n}\n<\/style>\n<div  class='hr av-k9i8moh2-0fc8c407daa66c14dbfd667ca13f3430 hr-custom  avia-builder-el-3  el_after_av_heading  el_before_av_textblock  hr-center hr-icon-no'><span class='hr-inner inner-border-av-border-fat'><span class=\"hr-inner-style\"><\/span><\/span><\/div><br \/>\n<section  class='av_textblock_section av-k9i8loxa-d839ed8273ee55a7de0bff9bbc1dfa59 '   itemscope=\"itemscope\" itemtype=\"https:\/\/schema.org\/CreativeWork\" ><div class='avia_textblock'  itemprop=\"text\" ><p>YtskyddsAkademien best\u00e5r av invalda personer som har verklig spetskompetens i sitt arbetsomr\u00e5de och villiga att arbeta \u00f6ver kunskapsgr\u00e4nserna f\u00f6r att finna b\u00e4sta m\u00f6jliga l\u00f6sning n\u00e4r det g\u00e4ller renovering, ytskydd och f\u00f6rst\u00e4rkning av betong.<\/p>\n<\/div><\/section><br \/>\n\n<style type=\"text\/css\" data-created_by=\"avia_inline_auto\" id=\"style-css-av-k9i8moh2-d5ccb1699eec214760e98e811669fbe4\">\n#top .hr.hr-invisible.av-k9i8moh2-d5ccb1699eec214760e98e811669fbe4{\nheight:15px;\n}\n<\/style>\n<div  class='hr av-k9i8moh2-d5ccb1699eec214760e98e811669fbe4 hr-invisible  avia-builder-el-5  el_after_av_textblock  el_before_av_image '><span class='hr-inner '><span class=\"hr-inner-style\"><\/span><\/span><\/div><br \/>\n\n<style type=\"text\/css\" data-created_by=\"avia_inline_auto\" id=\"style-css-av-k9jtw1s7-3cfe764416a542f5f3d81285032aec27\">\n.avia-image-container.av-k9jtw1s7-3cfe764416a542f5f3d81285032aec27 img.avia_image{\nbox-shadow:none;\n}\n.avia-image-container.av-k9jtw1s7-3cfe764416a542f5f3d81285032aec27 .av-image-caption-overlay-center{\ncolor:#ffffff;\n}\n<\/style>\n<div  class='avia-image-container av-k9jtw1s7-3cfe764416a542f5f3d81285032aec27 av-styling- avia-align-center  avia-builder-el-6  el_after_av_hr  avia-builder-el-last '   itemprop=\"image\" itemscope=\"itemscope\" itemtype=\"https:\/\/schema.org\/ImageObject\" ><div class=\"avia-image-container-inner\"><div class=\"avia-image-overlay-wrap\"><img decoding=\"async\" fetchpriority=\"high\" class='wp-image-30 avia-img-lazy-loading-not-30 avia_image ' src=\"http:\/\/www.avenyproduction.se\/ytskyddsakademienold\/wp-content\/uploads\/2020\/04\/betong-panel.png\" alt='' title='betong-panel'  height=\"305\" width=\"458\"  itemprop=\"thumbnailUrl\"  \/><\/div><\/div><\/div><\/p><\/div>\n<style type=\"text\/css\" data-created_by=\"avia_inline_auto\" id=\"style-css-av-b9b6w-b70515f8064d4e77a4ebb9805484799d\">\n.flex_column.av-b9b6w-b70515f8064d4e77a4ebb9805484799d{\nborder-radius:0px 0px 0px 0px;\npadding:0px 0px 0px 0px;\n}\n<\/style>\n<div  class='flex_column av-b9b6w-b70515f8064d4e77a4ebb9805484799d av_one_fifth  avia-builder-el-7  el_after_av_three_fifth  el_before_av_section  avia-builder-el-last  no_margin flex_column_div av-zero-column-padding  '     ><\/div><\/p>\n<\/div><\/div><\/div><!-- close content main div --><\/div><\/div>\n<style type=\"text\/css\" data-created_by=\"avia_inline_auto\" id=\"style-css-av-j9561-f6124e90f4a1ccc7365af2bd378e6759\">\n.avia-section.av-j9561-f6124e90f4a1ccc7365af2bd378e6759{\nbackground-color:#ffffff;\nbackground:linear-gradient( to bottom, #ffffff, #f7f7f7 );\n}\n<\/style>\n<div id='av_section_1'  class='avia-section av-j9561-f6124e90f4a1ccc7365af2bd378e6759 main_color avia-section-large avia-no-border-styling  avia-builder-el-8  el_after_av_one_fifth  el_before_av_section  avia-bg-style-scroll container_wrap sidebar_left'  ><div class='container av-section-cont-open' ><div class='template-page content  av-content-small units'><div class='post-entry post-entry-type-page post-entry-305'><div class='entry-content-wrapper clearfix'>\n\n<style type=\"text\/css\" data-created_by=\"avia_inline_auto\" id=\"style-css-av-dlxkx-bfdbed9781fb3c781641d9ce85e26b92\">\n.flex_column.av-dlxkx-bfdbed9781fb3c781641d9ce85e26b92{\nborder-radius:0px 0px 0px 0px;\npadding:0px 0px 0px 0px;\n}\n<\/style>\n<div  class='flex_column av-dlxkx-bfdbed9781fb3c781641d9ce85e26b92 av_one_half  avia-builder-el-9  el_before_av_one_half  avia-builder-el-first  first flex_column_div av-zero-column-padding  '     ><section  class='av_textblock_section av-k9i8loxa-d839ed8273ee55a7de0bff9bbc1dfa59 '   itemscope=\"itemscope\" itemtype=\"https:\/\/schema.org\/CreativeWork\" ><div class='avia_textblock'  itemprop=\"text\" ><p><span class='av_dropcap1 av-av_dropcap1-3cd9da5fea0ef5fb27aee617571c39a3'>Y<\/span>tskyddsAkademien \u00e4r en kunskapsbank f\u00f6r de f\u00f6retag och personer som arbetar med att renovera, ytskydda och f\u00f6rst\u00e4rka betong inom kommuner, industrier, energiverk, vattenkraft, entreprenad m.fl. s\u00e5 att b\u00e4sta t\u00e4nkbara renovering, ytskydd och f\u00f6rst\u00e4rkning sker p\u00e5 s\u00e5 m\u00e5nga platser som m\u00f6jligt. Givetvis \u00e4r det ocks\u00e5 mycket viktigt att konsulter tar del av v\u00e5r kunskap &amp; material s\u00e5 att de ger b\u00e4sta m\u00f6jliga rekommendation genom \u00f6kad kunskap p\u00e5 ett arbetsomr\u00e5de d\u00e4r m\u00e5nga har f\u00f6r lite kunskap.<\/p>\n<\/div><\/section><\/div>\n<style type=\"text\/css\" data-created_by=\"avia_inline_auto\" id=\"style-css-av-872x5-5973600ef2f4663b63760f3a45b8bd8b\">\n.flex_column.av-872x5-5973600ef2f4663b63760f3a45b8bd8b{\nborder-radius:0px 0px 0px 0px;\npadding:0px 0px 0px 0px;\n}\n<\/style>\n<div  class='flex_column av-872x5-5973600ef2f4663b63760f3a45b8bd8b av_one_half  avia-builder-el-11  el_after_av_one_half  avia-builder-el-last  flex_column_div av-zero-column-padding  '     ><section  class='av_textblock_section av-k9i8loxa-d839ed8273ee55a7de0bff9bbc1dfa59 '   itemscope=\"itemscope\" itemtype=\"https:\/\/schema.org\/CreativeWork\" ><div class='avia_textblock'  itemprop=\"text\" ><p>Betongbilden visar de vanligaste skadorna som uppst\u00e5r p\u00e5 betong.\u00a0Renoveringsarbetet startar oftast med en tillst\u00e5ndsbed\u00f6mning f\u00f6r att analysera hur skadad betongen \u00e4r och om det \u00e4r m\u00f6jligt att renovera.\u00a0Appliceringsanalysen visar vad som orsakat skadorna vilket g\u00f6r att r\u00e4tt produkter kan tas fram f\u00f6r att renovera och ytskydda betongen p\u00e5 b\u00e4sta s\u00e4tt mot det som tidigare f\u00f6rst\u00f6rt betongen.<\/p>\n<p>F\u00f6rarbetet och appliceringen av produkterna \u00e4r sedan oerh\u00f6rt viktigt att det utf\u00f6rs av kvalitativa f\u00f6retag vilket s\u00e4kerst\u00e4ller l\u00e4ngsta m\u00f6jliga livsl\u00e4ngd.<\/p>\n<\/div><\/section><\/div>\n\n<\/div><\/div><\/div><!-- close content main div --><\/div><\/div><div id='av_section_2'  class='avia-section av-12n60x-3cf81399c6a52044c43b36fdee8fca6c main_color avia-section-default avia-no-border-styling  avia-builder-el-13  el_after_av_section  el_before_av_section  avia-bg-style-scroll container_wrap sidebar_left'  ><div class='container av-section-cont-open' ><div class='template-page content  av-content-small units'><div class='post-entry post-entry-type-page post-entry-305'><div class='entry-content-wrapper clearfix'>\n<section  class='av_textblock_section av-k9ju0s1b-4f541a9ed5cd381d07d59185d1e2f610 '   itemscope=\"itemscope\" itemtype=\"https:\/\/schema.org\/CreativeWork\" ><div class='avia_textblock'  itemprop=\"text\" ><p style=\"text-align: center;\">Ytterligare information g\u00e4llande r\u00e5dgivningar och utbildningar f\u00e5r ni\u00a0genom att ta kontakt med samordnaren Tommy Th\u00f6rn p\u00e5<br \/>\n<a href=\"tel:0706575788\">0706 57 57 88<\/a> eller<br \/>\n<a href=\"mailto:tommy.thorn@ysa.email\">tommy.thorn@ysa.email<\/a><\/p>\n<p style=\"text-align: center;\">Ni kan ocks\u00e5 ta direktkontakt med <a href=\"http:\/\/www.avenyproduction.se\/ytskyddsakademienold\/hedersmedlemmar\/\">medlemmarna i Ytskyddsakademien<\/a> om ni s\u00e5 \u00f6nskar.<\/p>\n<\/div><\/section>\n<\/div><\/div><\/div><!-- close content main div --><\/div><\/div>\n<style type=\"text\/css\" data-created_by=\"avia_inline_auto\" id=\"style-css-av-k9ju1pkg-47ae77dc98b73d9d3779ac826630f182\">\n.avia-section.av-k9ju1pkg-47ae77dc98b73d9d3779ac826630f182{\nbackground-color:#f7f7f7;\nbackground:linear-gradient( to bottom, #f7f7f7, #ffffff );\n}\n<\/style>\n<div id='av_section_3'  class='avia-section av-k9ju1pkg-47ae77dc98b73d9d3779ac826630f182 main_color avia-section-huge avia-no-border-styling  avia-builder-el-15  el_after_av_section  avia-builder-el-last  avia-bg-style-scroll container_wrap sidebar_left'  ><div class='container av-section-cont-open' ><div class='template-page content  av-content-small units'><div class='post-entry post-entry-type-page post-entry-305'><div class='entry-content-wrapper clearfix'>\n\n<style type=\"text\/css\" data-created_by=\"avia_inline_auto\" id=\"style-css-av-9poyx-b0129212267eb150678f82cc036f273c\">\n#top .av-special-heading.av-9poyx-b0129212267eb150678f82cc036f273c{\npadding-bottom:10px;\n}\nbody .av-special-heading.av-9poyx-b0129212267eb150678f82cc036f273c .av-special-heading-tag .heading-char{\nfont-size:25px;\n}\n.av-special-heading.av-9poyx-b0129212267eb150678f82cc036f273c .av-subheading{\nfont-size:15px;\n}\n\n@media only screen and (max-width: 479px){ \n#top #wrap_all .av-special-heading.av-9poyx-b0129212267eb150678f82cc036f273c .av-special-heading-tag{\nfont-size:25px;\n}\n}\n<\/style>\n<div  class='av-special-heading av-9poyx-b0129212267eb150678f82cc036f273c av-special-heading-h1 blockquote modern-quote modern-centered  avia-builder-el-16  el_before_av_hr  avia-builder-el-first '><h1 class='av-special-heading-tag'  itemprop=\"headline\"  >Artiklar<\/h1><div class=\"special-heading-border\"><div class=\"special-heading-inner-border\"><\/div><\/div><\/div>\n\n<style type=\"text\/css\" data-created_by=\"avia_inline_auto\" id=\"style-css-av-k9i8moh2-0fc8c407daa66c14dbfd667ca13f3430\">\n#top .hr.av-k9i8moh2-0fc8c407daa66c14dbfd667ca13f3430{\nmargin-top:15px;\nmargin-bottom:30px;\n}\n.hr.av-k9i8moh2-0fc8c407daa66c14dbfd667ca13f3430 .hr-inner{\nwidth:75px;\nborder-color:#55b776;\n}\n<\/style>\n<div  class='hr av-k9i8moh2-0fc8c407daa66c14dbfd667ca13f3430 hr-custom  avia-builder-el-17  el_after_av_heading  el_before_av_one_third  hr-center hr-icon-no'><span class='hr-inner inner-border-av-border-fat'><span class=\"hr-inner-style\"><\/span><\/span><\/div>\n\n<style type=\"text\/css\" data-created_by=\"avia_inline_auto\" id=\"style-css-av-nm89d-183c2c22154ea8eb64ddb18ce1d8162c\">\n.flex_column.av-nm89d-183c2c22154ea8eb64ddb18ce1d8162c{\nborder-radius:0px 0px 0px 0px;\npadding:0px 0px 0px 0px;\n}\n<\/style>\n<div  class='flex_column av-nm89d-183c2c22154ea8eb64ddb18ce1d8162c av_one_third  avia-builder-el-18  el_after_av_hr  el_before_av_one_third  first flex_column_div av-zero-column-padding  '     ><style type=\"text\/css\" data-created_by=\"avia_inline_auto\" id=\"style-css-av-ol929-de4b39f16b8770da1e8975f8ff406352\">\n#top .avia-icon-list-container.av-ol929-de4b39f16b8770da1e8975f8ff406352 .iconlist_icon{\nbackground-color:#55b777;\n}\n<\/style>\n<div  class='avia-icon-list-container av-ol929-de4b39f16b8770da1e8975f8ff406352  avia-builder-el-19  avia-builder-el-no-sibling '><ul class='avia-icon-list avia_animate_when_almost_visible avia-icon-list-left av-iconlist-big av-ol929-de4b39f16b8770da1e8975f8ff406352 avia-iconlist-animate'>\n<li><a href='http:\/\/www.avenyproduction.se\/ytskyddsakademienold\/wp-content\/uploads\/2020\/04\/fogspecialisten.pdf' title='Fogspecialisten'  target=\"_blank\"  rel=\"noopener noreferrer\" class='iconlist_icon av-1eot4x-6e52147c78218e2e07c853e445c18d7a avia-font-entypo-fontello'><span class='iconlist-char' aria-hidden='true' data-av_icon='\ue84d' data-av_iconfont='entypo-fontello'><\/span><\/a><article class=\"article-icon-entry av-iconlist-empty\"  itemscope=\"itemscope\" itemtype=\"https:\/\/schema.org\/CreativeWork\" ><div class=\"iconlist_content_wrap\"><header class=\"entry-content-header\"><h4 class='av_iconlist_title iconlist_title  '  itemprop=\"headline\" ><a href='http:\/\/www.avenyproduction.se\/ytskyddsakademienold\/wp-content\/uploads\/2020\/04\/fogspecialisten.pdf' title='Fogspecialisten' target=\"_blank\"  rel=\"noopener noreferrer\">Fogspecialisten<\/a><\/h4><\/header><div class='iconlist_content '  itemprop=\"text\" ><\/div><\/div><footer class=\"entry-footer\"><\/footer><\/article><div class=\"iconlist-timeline\"><\/div><\/li>\n<li><a href='http:\/\/www.avenyproduction.se\/ytskyddsakademienold\/wp-content\/uploads\/2020\/04\/golvanalys.pdf' title='Golvanalys'  target=\"_blank\"  rel=\"noopener noreferrer\" class='iconlist_icon av-1bh38p-18c9afdb9717df02e61004ce207faf24 avia-font-entypo-fontello'><span class='iconlist-char' aria-hidden='true' data-av_icon='\ue84d' data-av_iconfont='entypo-fontello'><\/span><\/a><article class=\"article-icon-entry av-iconlist-empty\"  itemscope=\"itemscope\" itemtype=\"https:\/\/schema.org\/CreativeWork\" ><div class=\"iconlist_content_wrap\"><header class=\"entry-content-header\"><h4 class='av_iconlist_title iconlist_title  '  itemprop=\"headline\" ><a href='http:\/\/www.avenyproduction.se\/ytskyddsakademienold\/wp-content\/uploads\/2020\/04\/golvanalys.pdf' title='Golvanalys' target=\"_blank\"  rel=\"noopener noreferrer\">Golvanalys<\/a><\/h4><\/header><div class='iconlist_content '  itemprop=\"text\" ><\/div><\/div><footer class=\"entry-footer\"><\/footer><\/article><div class=\"iconlist-timeline\"><\/div><\/li>\n<li><a href='http:\/\/www.avenyproduction.se\/ytskyddsakademienold\/wp-content\/uploads\/2020\/04\/golvflex.pdf' title='Golvflex'  target=\"_blank\"  rel=\"noopener noreferrer\" class='iconlist_icon av-115gdt-2d1b9465d05c8c6c28474fb4fb74ad9d avia-font-entypo-fontello'><span class='iconlist-char' aria-hidden='true' data-av_icon='\ue84d' data-av_iconfont='entypo-fontello'><\/span><\/a><article class=\"article-icon-entry av-iconlist-empty\"  itemscope=\"itemscope\" itemtype=\"https:\/\/schema.org\/CreativeWork\" ><div class=\"iconlist_content_wrap\"><header class=\"entry-content-header\"><h4 class='av_iconlist_title iconlist_title  '  itemprop=\"headline\" ><a href='http:\/\/www.avenyproduction.se\/ytskyddsakademienold\/wp-content\/uploads\/2020\/04\/golvflex.pdf' title='Golvflex' target=\"_blank\"  rel=\"noopener noreferrer\">Golvflex<\/a><\/h4><\/header><div class='iconlist_content '  itemprop=\"text\" ><\/div><\/div><footer class=\"entry-footer\"><\/footer><\/article><div class=\"iconlist-timeline\"><\/div><\/li>\n<\/ul><\/div><\/div>\n<style type=\"text\/css\" data-created_by=\"avia_inline_auto\" id=\"style-css-av-d80t5-cfb839effeee2f6c1eb616c0abcb17eb\">\n.flex_column.av-d80t5-cfb839effeee2f6c1eb616c0abcb17eb{\nborder-radius:0px 0px 0px 0px;\npadding:0px 0px 0px 0px;\n}\n<\/style>\n<div  class='flex_column av-d80t5-cfb839effeee2f6c1eb616c0abcb17eb av_one_third  avia-builder-el-20  el_after_av_one_third  el_before_av_one_third  flex_column_div av-zero-column-padding  '     ><style type=\"text\/css\" data-created_by=\"avia_inline_auto\" id=\"style-css-av-ol929-de4b39f16b8770da1e8975f8ff406352\">\n#top .avia-icon-list-container.av-ol929-de4b39f16b8770da1e8975f8ff406352 .iconlist_icon{\nbackground-color:#55b777;\n}\n<\/style>\n<div  class='avia-icon-list-container av-ol929-de4b39f16b8770da1e8975f8ff406352  avia-builder-el-21  avia-builder-el-no-sibling '><ul class='avia-icon-list avia_animate_when_almost_visible avia-icon-list-left av-iconlist-big av-ol929-de4b39f16b8770da1e8975f8ff406352 avia-iconlist-animate'>\n<li><a href='http:\/\/www.avenyproduction.se\/ytskyddsakademienold\/wp-content\/uploads\/2020\/04\/mikrocement.pdf' title='Golvreparation med mikrocement'  target=\"_blank\"  rel=\"noopener noreferrer\" class='iconlist_icon av-3h5mx-c475aa3bf5a8489d5c7eee6883d7e864 avia-font-entypo-fontello'><span class='iconlist-char' aria-hidden='true' data-av_icon='\ue84d' data-av_iconfont='entypo-fontello'><\/span><\/a><article class=\"article-icon-entry av-iconlist-empty\"  itemscope=\"itemscope\" itemtype=\"https:\/\/schema.org\/CreativeWork\" ><div class=\"iconlist_content_wrap\"><header class=\"entry-content-header\"><h4 class='av_iconlist_title iconlist_title  '  itemprop=\"headline\" ><a href='http:\/\/www.avenyproduction.se\/ytskyddsakademienold\/wp-content\/uploads\/2020\/04\/mikrocement.pdf' title='Golvreparation med mikrocement' target=\"_blank\"  rel=\"noopener noreferrer\">Golvreparation med mikrocement<\/a><\/h4><\/header><div class='iconlist_content '  itemprop=\"text\" ><\/div><\/div><footer class=\"entry-footer\"><\/footer><\/article><div class=\"iconlist-timeline\"><\/div><\/li>\n<li><a href='http:\/\/www.avenyproduction.se\/ytskyddsakademienold\/wp-content\/uploads\/2020\/04\/impregnering.pdf' title='Impregnering'  target=\"_blank\"  rel=\"noopener noreferrer\" class='iconlist_icon av-qv2a1-b89a499963a94f0e98b611dc91787fa9 avia-font-entypo-fontello'><span class='iconlist-char' aria-hidden='true' data-av_icon='\ue84d' data-av_iconfont='entypo-fontello'><\/span><\/a><article class=\"article-icon-entry av-iconlist-empty\"  itemscope=\"itemscope\" itemtype=\"https:\/\/schema.org\/CreativeWork\" ><div class=\"iconlist_content_wrap\"><header class=\"entry-content-header\"><h4 class='av_iconlist_title iconlist_title  '  itemprop=\"headline\" ><a href='http:\/\/www.avenyproduction.se\/ytskyddsakademienold\/wp-content\/uploads\/2020\/04\/impregnering.pdf' title='Impregnering' target=\"_blank\"  rel=\"noopener noreferrer\">Impregnering<\/a><\/h4><\/header><div class='iconlist_content '  itemprop=\"text\" ><\/div><\/div><footer class=\"entry-footer\"><\/footer><\/article><div class=\"iconlist-timeline\"><\/div><\/li>\n<li><a href='http:\/\/www.avenyproduction.se\/ytskyddsakademienold\/wp-content\/uploads\/2020\/04\/polyurea.pdf' title='Polyurea'  target=\"_blank\"  rel=\"noopener noreferrer\" class='iconlist_icon av-mu021-c3f125f93dc30d3569be7b2c93e7cea3 avia-font-entypo-fontello'><span class='iconlist-char' aria-hidden='true' data-av_icon='\ue84d' data-av_iconfont='entypo-fontello'><\/span><\/a><article class=\"article-icon-entry av-iconlist-empty\"  itemscope=\"itemscope\" itemtype=\"https:\/\/schema.org\/CreativeWork\" ><div class=\"iconlist_content_wrap\"><header class=\"entry-content-header\"><h4 class='av_iconlist_title iconlist_title  '  itemprop=\"headline\" ><a href='http:\/\/www.avenyproduction.se\/ytskyddsakademienold\/wp-content\/uploads\/2020\/04\/polyurea.pdf' title='Polyurea' target=\"_blank\"  rel=\"noopener noreferrer\">Polyurea<\/a><\/h4><\/header><div class='iconlist_content '  itemprop=\"text\" ><\/div><\/div><footer class=\"entry-footer\"><\/footer><\/article><div class=\"iconlist-timeline\"><\/div><\/li>\n<\/ul><\/div><\/div>\n<style type=\"text\/css\" data-created_by=\"avia_inline_auto\" id=\"style-css-av-b016h-7b3d7800fb3eaa84eed63f0aa0cf4b3c\">\n.flex_column.av-b016h-7b3d7800fb3eaa84eed63f0aa0cf4b3c{\nborder-radius:0px 0px 0px 0px;\npadding:0px 0px 0px 0px;\n}\n<\/style>\n<div  class='flex_column av-b016h-7b3d7800fb3eaa84eed63f0aa0cf4b3c av_one_third  avia-builder-el-22  el_after_av_one_third  avia-builder-el-last  flex_column_div av-zero-column-padding  '     ><style type=\"text\/css\" data-created_by=\"avia_inline_auto\" id=\"style-css-av-ol929-de4b39f16b8770da1e8975f8ff406352\">\n#top .avia-icon-list-container.av-ol929-de4b39f16b8770da1e8975f8ff406352 .iconlist_icon{\nbackground-color:#55b777;\n}\n<\/style>\n<div  class='avia-icon-list-container av-ol929-de4b39f16b8770da1e8975f8ff406352  avia-builder-el-23  avia-builder-el-no-sibling '><ul class='avia-icon-list avia_animate_when_almost_visible avia-icon-list-left av-iconlist-big av-ol929-de4b39f16b8770da1e8975f8ff406352 avia-iconlist-animate'>\n<li><a href='http:\/\/www.avenyproduction.se\/ytskyddsakademienold\/wp-content\/uploads\/2020\/04\/polyuretan.pdf' title='Polyuretan'  target=\"_blank\"  rel=\"noopener noreferrer\" class='iconlist_icon av-czmc9-eeed4b9dfb30d47dabfcd5b15bf9153c avia-font-entypo-fontello'><span class='iconlist-char' aria-hidden='true' data-av_icon='\ue84d' data-av_iconfont='entypo-fontello'><\/span><\/a><article class=\"article-icon-entry av-iconlist-empty\"  itemscope=\"itemscope\" itemtype=\"https:\/\/schema.org\/CreativeWork\" ><div class=\"iconlist_content_wrap\"><header class=\"entry-content-header\"><h4 class='av_iconlist_title iconlist_title  '  itemprop=\"headline\" ><a href='http:\/\/www.avenyproduction.se\/ytskyddsakademienold\/wp-content\/uploads\/2020\/04\/polyuretan.pdf' title='Polyuretan' target=\"_blank\"  rel=\"noopener noreferrer\">Polyuretan<\/a><\/h4><\/header><div class='iconlist_content '  itemprop=\"text\" ><\/div><\/div><footer class=\"entry-footer\"><\/footer><\/article><div class=\"iconlist-timeline\"><\/div><\/li>\n<li><a href='http:\/\/www.avenyproduction.se\/ytskyddsakademienold\/wp-content\/uploads\/2020\/04\/betong.pdf' title='Renovering och ytskydd av betong'  target=\"_blank\"  rel=\"noopener noreferrer\" class='iconlist_icon av-bmjd5-cffecb13cd52c7f52a17eb35220ec615 avia-font-entypo-fontello'><span class='iconlist-char' aria-hidden='true' data-av_icon='\ue84d' data-av_iconfont='entypo-fontello'><\/span><\/a><article class=\"article-icon-entry av-iconlist-empty\"  itemscope=\"itemscope\" itemtype=\"https:\/\/schema.org\/CreativeWork\" ><div class=\"iconlist_content_wrap\"><header class=\"entry-content-header\"><h4 class='av_iconlist_title iconlist_title  '  itemprop=\"headline\" ><a href='http:\/\/www.avenyproduction.se\/ytskyddsakademienold\/wp-content\/uploads\/2020\/04\/betong.pdf' title='Renovering och ytskydd av betong' target=\"_blank\"  rel=\"noopener noreferrer\">Renovering och ytskydd av betong<\/a><\/h4><\/header><div class='iconlist_content '  itemprop=\"text\" ><\/div><\/div><footer class=\"entry-footer\"><\/footer><\/article><div class=\"iconlist-timeline\"><\/div><\/li>\n<\/ul><\/div><\/div>\n<\/div><\/div><\/div><!-- close content main div --><\/div><\/div><div id='after_section_3'  class='main_color av_default_container_wrap container_wrap sidebar_left'  ><div class='container av-section-cont-open' ><div class='template-page content  av-content-small units'><div class='post-entry post-entry-type-page post-entry-305'><div class='entry-content-wrapper clearfix'><\/p>\n","protected":false},"excerpt":{"rendered":"","protected":false},"author":1,"featured_media":0,"parent":184,"menu_order":10,"comment_status":"closed","ping_status":"open","template":"","meta":{"footnotes":""},"_links":{"self":[{"href":"http:\/\/www.avenyproduction.se\/ytskyddsakademienold\/wp-json\/wp\/v2\/pages\/305"}],"collection":[{"href":"http:\/\/www.avenyproduction.se\/ytskyddsakademienold\/wp-json\/wp\/v2\/pages"}],"about":[{"href":"http:\/\/www.avenyproduction.se\/ytskyddsakademienold\/wp-json\/wp\/v2\/types\/page"}],"author":[{"embeddable":true,"href":"http:\/\/www.avenyproduction.se\/ytskyddsakademienold\/wp-json\/wp\/v2\/users\/1"}],"replies":[{"embeddable":true,"href":"http:\/\/www.avenyproduction.se\/ytskyddsakademienold\/wp-json\/wp\/v2\/comments?post=305"}],"version-history":[{"count":18,"href":"http:\/\/www.avenyproduction.se\/ytskyddsakademienold\/wp-json\/wp\/v2\/pages\/305\/revisions"}],"predecessor-version":[{"id":307,"href":"http:\/\/www.avenyproduction.se\/ytskyddsakademienold\/wp-json\/wp\/v2\/pages\/305\/revisions\/307"}],"up":[{"embeddable":true,"href":"http:\/\/www.avenyproduction.se\/ytskyddsakademienold\/wp-json\/wp\/v2\/pages\/184"}],"wp:attachment":[{"href":"http:\/\/www.avenyproduction.se\/ytskyddsakademienold\/wp-json\/wp\/v2\/media?parent=305"}],"curies":[{"name":"wp","href":"https:\/\/api.w.org\/{rel}","templated":true}]}}