{"id":411,"date":"2020-04-28T19:18:38","date_gmt":"2020-04-28T17:18:38","guid":{"rendered":"http:\/\/www.avenyproduction.se\/ytskyddsakademienold\/?page_id=411"},"modified":"2020-04-29T20:06:02","modified_gmt":"2020-04-29T18:06:02","slug":"engagerade-personer","status":"publish","type":"page","link":"http:\/\/www.avenyproduction.se\/ytskyddsakademienold\/engagerade-personer\/","title":{"rendered":"Engagerade personer"},"content":{"rendered":"\n<style type=\"text\/css\" data-created_by=\"avia_inline_auto\" id=\"style-css-av-dbj9c-b8f116440f8049cb6ef74f70de98d993\">\n.flex_column.av-dbj9c-b8f116440f8049cb6ef74f70de98d993{\nborder-radius:0px 0px 0px 0px;\npadding:0px 0px 0px 0px;\n}\n<\/style>\n<div  class='flex_column av-dbj9c-b8f116440f8049cb6ef74f70de98d993 av_one_fifth  avia-builder-el-0  el_before_av_three_fifth  avia-builder-el-first  first no_margin flex_column_div av-zero-column-padding  '     ><\/div>\n\n<style type=\"text\/css\" data-created_by=\"avia_inline_auto\" id=\"style-css-av-31op-9baa13f50e03ce0ac0964ebb698eb950\">\n.flex_column.av-31op-9baa13f50e03ce0ac0964ebb698eb950{\nborder-radius:0px 0px 0px 0px;\npadding:0px 0px 0px 0px;\n}\n<\/style>\n<div  class='flex_column av-31op-9baa13f50e03ce0ac0964ebb698eb950 av_three_fifth  avia-builder-el-1  el_after_av_one_fifth  el_before_av_one_fifth  no_margin flex_column_div av-zero-column-padding  '     ><p>\n<style type=\"text\/css\" data-created_by=\"avia_inline_auto\" id=\"style-css-av-7xf0b-5251e96126ebd0783d17187236db7c1c\">\n#top .av-special-heading.av-7xf0b-5251e96126ebd0783d17187236db7c1c{\npadding-bottom:10px;\n}\nbody .av-special-heading.av-7xf0b-5251e96126ebd0783d17187236db7c1c .av-special-heading-tag .heading-char{\nfont-size:25px;\n}\n.av-special-heading.av-7xf0b-5251e96126ebd0783d17187236db7c1c .av-subheading{\nfont-size:15px;\n}\n\n@media only screen and (max-width: 479px){ \n#top #wrap_all .av-special-heading.av-7xf0b-5251e96126ebd0783d17187236db7c1c .av-special-heading-tag{\nfont-size:25px;\n}\n}\n<\/style>\n<div  class='av-special-heading av-7xf0b-5251e96126ebd0783d17187236db7c1c av-special-heading-h1 blockquote modern-quote modern-centered  avia-builder-el-2  el_before_av_hr  avia-builder-el-first '><h1 class='av-special-heading-tag'  itemprop=\"headline\"  >Engagerade personer<\/h1><div class=\"special-heading-border\"><div class=\"special-heading-inner-border\"><\/div><\/div><\/div><br \/>\n\n<style type=\"text\/css\" data-created_by=\"avia_inline_auto\" id=\"style-css-av-k9i8moh2-0fc8c407daa66c14dbfd667ca13f3430\">\n#top .hr.av-k9i8moh2-0fc8c407daa66c14dbfd667ca13f3430{\nmargin-top:15px;\nmargin-bottom:30px;\n}\n.hr.av-k9i8moh2-0fc8c407daa66c14dbfd667ca13f3430 .hr-inner{\nwidth:75px;\nborder-color:#55b776;\n}\n<\/style>\n<div  class='hr av-k9i8moh2-0fc8c407daa66c14dbfd667ca13f3430 hr-custom  avia-builder-el-3  el_after_av_heading  el_before_av_textblock  hr-center hr-icon-no'><span class='hr-inner inner-border-av-border-fat'><span class=\"hr-inner-style\"><\/span><\/span><\/div><br \/>\n<section  class='av_textblock_section av-k9i8loxa-d839ed8273ee55a7de0bff9bbc1dfa59 '   itemscope=\"itemscope\" itemtype=\"https:\/\/schema.org\/CreativeWork\" ><div class='avia_textblock'  itemprop=\"text\" ><p>FN:s nya rapport fr\u00e5n klimatpanelen IPCC och professorer \u00f6ver hela V\u00e4rlden uppmanar alla m\u00e4nniskor att omedelbart agera s\u00e5 att uppv\u00e4rmningen stabiliseras vid 1.5 C och inte 2.0 C.<\/p>\n<p>Allts\u00e5 m\u00e5ste politiker, kommuner, f\u00f6retag och enskilda personer engagera sig NU f\u00f6r att r\u00e4dda v\u00e5r planet.<\/p>\n<p>Ytskyddsakademiens 100 medlemmar har under 20-40 \u00e5rs tid \u00f6kat livsl\u00e4ngden p\u00e5 utrustningar och konstruktioner i betong och metall och d\u00e4rmed f\u00f6rb\u00e4ttrat kapitalv\u00e5rden och samtidigt minskat milj\u00f6p\u00e5verkan.<\/p>\n<p>Ytskyddsakademien kommer nu att identifiera de personer som \u00e4r innovativa och intresserade av att vara med och r\u00e4dda v\u00e5r planet genom att anv\u00e4nda R\u00e4tt Ytskydd p\u00e5 R\u00e4tt Plats och p\u00e5 R\u00e4tt S\u00e4tt i TID.<\/p>\n<p>Detta kr\u00e4ver \u00f6kad kunskap och d\u00e5 det tyv\u00e4rr inte finns n\u00e5gra utbildningar g\u00e4llande ytskydd av betong och metall p\u00e5 varken h\u00f6gskolor eller universitet s\u00e5 genomf\u00f6r Ytskyddsakademien kontinuerligt utbildningar f\u00f6r att \u00f6ka f\u00f6rst\u00e5elsen hos alla ber\u00f6rda parter.<\/p>\n<p>Engagerade och innovativa personer som deltagit p\u00e5 dessa utbildningar \u00e4r:<\/p>\n<\/div><\/section><\/p><\/div>\n\n<style type=\"text\/css\" data-created_by=\"avia_inline_auto\" id=\"style-css-av-b9b6w-b70515f8064d4e77a4ebb9805484799d\">\n.flex_column.av-b9b6w-b70515f8064d4e77a4ebb9805484799d{\nborder-radius:0px 0px 0px 0px;\npadding:0px 0px 0px 0px;\n}\n<\/style>\n<div  class='flex_column av-b9b6w-b70515f8064d4e77a4ebb9805484799d av_one_fifth  avia-builder-el-5  el_after_av_three_fifth  el_before_av_section  avia-builder-el-last  no_margin flex_column_div av-zero-column-padding  '     ><\/div>\n<\/div><\/div><\/div><!-- close content main div --><\/div><\/div>\n<style type=\"text\/css\" data-created_by=\"avia_inline_auto\" id=\"style-css-av-k9k66cd8-a53404d8ad6a65d84c71c9de46c68325\">\n.avia-section.av-k9k66cd8-a53404d8ad6a65d84c71c9de46c68325{\nbackground-color:#ffffff;\nbackground:linear-gradient( to bottom, #ffffff, #f7f7f7 );\n}\n<\/style>\n<div id='av_section_1'  class='avia-section av-k9k66cd8-a53404d8ad6a65d84c71c9de46c68325 main_color avia-section-small avia-no-border-styling  avia-builder-el-6  el_after_av_one_fifth  avia-builder-el-last  avia-bg-style-scroll container_wrap sidebar_left'  ><div class='container av-section-cont-open' ><div class='template-page content  av-content-small units'><div class='post-entry post-entry-type-page post-entry-411'><div class='entry-content-wrapper clearfix'>\n\n<style type=\"text\/css\" data-created_by=\"avia_inline_auto\" id=\"style-css-av-23ibvv-cc22241fb61060e21e5ac29e7a853041\">\n.flex_column.av-23ibvv-cc22241fb61060e21e5ac29e7a853041{\nborder-radius:0px 0px 0px 0px;\npadding:0px 0px 0px 0px;\n}\n<\/style>\n<div  class='flex_column av-23ibvv-cc22241fb61060e21e5ac29e7a853041 av_one_half  avia-builder-el-7  el_before_av_one_half  avia-builder-el-first  first flex_column_div av-zero-column-padding  '     ><div  class='togglecontainer av-k9k6cme5-c4274e6b65373e77a2b8b3e3d3af84ee  avia-builder-el-8  avia-builder-el-no-sibling ' >\n<section class='av_toggle_section av-1yuz6z-29f6d96e093ce81e601a99e362c22ecb'  itemscope=\"itemscope\" itemtype=\"https:\/\/schema.org\/CreativeWork\" ><div role=\"tablist\" class=\"single_toggle\" data-tags=\"{Alla} \"  ><p data-fake-id='#toggle-id-1' class='toggler   '  itemprop=\"headline\"  role='tab' tabindex='0' aria-controls='toggle-id-1'>Institut<span class=\"toggle_icon\"><span class=\"vert_icon\"><\/span><span class=\"hor_icon\"><\/span><\/span><\/p><div id='toggle-id-1' class='toggle_wrap  '  ><div class='toggle_content invers-color '  itemprop=\"text\" ><p>Inga institut har \u00e4nnu visat intresse f\u00f6r Ytskyddsakademiens unika utbildningar som hj\u00e4lper till att r\u00e4dda v\u00e5r planet.<\/p>\n<\/div><\/div><\/div><\/section>\n<section class='av_toggle_section av-1oomx7-4f45a5dfe248e9895adc0d64155665f3'  itemscope=\"itemscope\" itemtype=\"https:\/\/schema.org\/CreativeWork\" ><div role=\"tablist\" class=\"single_toggle\" data-tags=\"{Alla} \"  ><p data-fake-id='#toggle-id-2' class='toggler   '  itemprop=\"headline\"  role='tab' tabindex='0' aria-controls='toggle-id-2'>H\u00f6gskolor\/Universitet<span class=\"toggle_icon\"><span class=\"vert_icon\"><\/span><span class=\"hor_icon\"><\/span><\/span><\/p><div id='toggle-id-2' class='toggle_wrap  '  ><div class='toggle_content invers-color '  itemprop=\"text\" ><p>Inga h\u00f6gskolor\/institut har \u00e4nnu visat intresse f\u00f6r Ytskyddsakademiens unika utbildningar som hj\u00e4lper till att r\u00e4dda v\u00e5r planet.<\/p>\n<\/div><\/div><\/div><\/section>\n<section class='av_toggle_section av-1n3teb-33b6a2d15c8becce2bb8275febcf824e'  itemscope=\"itemscope\" itemtype=\"https:\/\/schema.org\/CreativeWork\" ><div role=\"tablist\" class=\"single_toggle\" data-tags=\"{Alla} \"  ><p data-fake-id='#toggle-id-3' class='toggler   '  itemprop=\"headline\"  role='tab' tabindex='0' aria-controls='toggle-id-3'>Politiker<span class=\"toggle_icon\"><span class=\"vert_icon\"><\/span><span class=\"hor_icon\"><\/span><\/span><\/p><div id='toggle-id-3' class='toggle_wrap  '  ><div class='toggle_content invers-color '  itemprop=\"text\" ><p>Hans Rothenberg, Riksdagsman<\/p>\n<p>Glenn Ljunggren<\/p>\n<\/div><\/div><\/div><\/section>\n<section class='av_toggle_section av-1ei3pf-8c598061526f57d1446fc06b1fd50672'  itemscope=\"itemscope\" itemtype=\"https:\/\/schema.org\/CreativeWork\" ><div role=\"tablist\" class=\"single_toggle\" data-tags=\"{Alla} \"  ><p data-fake-id='#toggle-id-4' class='toggler   '  itemprop=\"headline\"  role='tab' tabindex='0' aria-controls='toggle-id-4'>Kommuner<span class=\"toggle_icon\"><span class=\"vert_icon\"><\/span><span class=\"hor_icon\"><\/span><\/span><\/p><div id='toggle-id-4' class='toggle_wrap  '  ><div class='toggle_content invers-color '  itemprop=\"text\" ><p><strong>Borgholms Energi<\/strong><br \/>\nPer Johansson<\/p>\n<p><strong>Huddinge Kommun<\/strong><br \/>\nMagnus Sj\u00f6gren<\/p>\n<p><strong>H\u00f6gan\u00e4s Kommun<\/strong><br \/>\nFredrik Arthursson<\/p>\n<p><strong>MIVO<\/strong><br \/>\nKrister Vikberg<br \/>\nStefan Jonsson<\/p>\n<p><strong>Nodra AB<\/strong><br \/>\nJonas T\u00f6rnvall<br \/>\nKarin K\u00f6nemann<br \/>\nRoger Allen<\/p>\n<p><strong>Roslagsvatten<\/strong><br \/>\nHenrik Jansson<br \/>\nMats Fal\u00e5s<\/p>\n<p><strong>Skellefte\u00e5 Kommun<\/strong><br \/>\nAndreas Johansson<br \/>\nLinus Lindstr\u00f6m<\/p>\n<p><strong>S\u00f6derhamn Vatten<\/strong><br \/>\nJonas Runarson<\/p>\n<p><strong>T\u00e4by Kommun<\/strong><br \/>\nMichael Bergqvist<\/p>\n<p><strong>Uppsala Vatten<\/strong><br \/>\nHans H\u00f6rting<br \/>\nRoland Hots<\/p>\n<p><strong>Vakin<\/strong><br \/>\nBengt-Ivan Lindgren<br \/>\nNiklas Jakobsson<br \/>\nUrban Gregersson<\/p>\n<\/div><\/div><\/div><\/section>\n<section class='av_toggle_section av-1a9qd7-7af74d145d3bc6764d397d6bc3b3ca6d'  itemscope=\"itemscope\" itemtype=\"https:\/\/schema.org\/CreativeWork\" ><div role=\"tablist\" class=\"single_toggle\" data-tags=\"{Alla} \"  ><p data-fake-id='#toggle-id-5' class='toggler   '  itemprop=\"headline\"  role='tab' tabindex='0' aria-controls='toggle-id-5'>Konsulter<span class=\"toggle_icon\"><span class=\"vert_icon\"><\/span><span class=\"hor_icon\"><\/span><\/span><\/p><div id='toggle-id-5' class='toggle_wrap  '  ><div class='toggle_content invers-color '  itemprop=\"text\" ><p><strong>Amphi-Tech<\/strong><br \/>\nSimon Pehrson<\/p>\n<p><strong>Golvanalys<\/strong><br \/>\nH\u00e5kan Forsberg<\/p>\n<p><strong>Kontrollera<\/strong><br \/>\nMats Borg<\/p>\n<p><strong>Vattenprojekt<\/strong><br \/>\nTorsten Barkevall<br \/>\nUlf Carlson<\/p>\n<\/div><\/div><\/div><\/section>\n<\/div><\/div>\n<style type=\"text\/css\" data-created_by=\"avia_inline_auto\" id=\"style-css-av-156yw3-c781abd5985043dfaec01ce13f87781b\">\n.flex_column.av-156yw3-c781abd5985043dfaec01ce13f87781b{\nborder-radius:0px 0px 0px 0px;\npadding:0px 0px 0px 0px;\n}\n<\/style>\n<div  class='flex_column av-156yw3-c781abd5985043dfaec01ce13f87781b av_one_half  avia-builder-el-9  el_after_av_one_half  el_before_av_hr  flex_column_div av-zero-column-padding  '     ><div  class='togglecontainer av-k9k6cme5-c4274e6b65373e77a2b8b3e3d3af84ee  avia-builder-el-10  avia-builder-el-no-sibling ' >\n<section class='av_toggle_section av-k9057-f8110a48d14c897c1f81c767ae814654'  itemscope=\"itemscope\" itemtype=\"https:\/\/schema.org\/CreativeWork\" ><div role=\"tablist\" class=\"single_toggle\" data-tags=\"{Alla} \"  ><p data-fake-id='#toggle-id-6' class='toggler   '  itemprop=\"headline\"  role='tab' tabindex='0' aria-controls='toggle-id-6'>Processindustrin<span class=\"toggle_icon\"><span class=\"vert_icon\"><\/span><span class=\"hor_icon\"><\/span><\/span><\/p><div id='toggle-id-6' class='toggle_wrap  '  ><div class='toggle_content invers-color '  itemprop=\"text\" ><p>Inga personer fr\u00e5n processindustrin har \u00e4nnu visat intresse f\u00f6r Ytskyddsakademiens unika utbildningar som hj\u00e4lper till att r\u00e4dda v\u00e5r planet.<\/p>\n<\/div><\/div><\/div><\/section>\n<section class='av_toggle_section av-gebuz-277640fe892eeddbba4e387a12ecf378'  itemscope=\"itemscope\" itemtype=\"https:\/\/schema.org\/CreativeWork\" ><div role=\"tablist\" class=\"single_toggle\" data-tags=\"{Alla} \"  ><p data-fake-id='#toggle-id-7' class='toggler   '  itemprop=\"headline\"  role='tab' tabindex='0' aria-controls='toggle-id-7'>Energiverk<span class=\"toggle_icon\"><span class=\"vert_icon\"><\/span><span class=\"hor_icon\"><\/span><\/span><\/p><div id='toggle-id-7' class='toggle_wrap  '  ><div class='toggle_content invers-color '  itemprop=\"text\" ><p>Inga personer fr\u00e5n energiverken har \u00e4nnu visat intresse f\u00f6r Ytskyddsakademiens unika utbildningar som hj\u00e4lper till att r\u00e4dda v\u00e5r planet.<\/p>\n<\/div><\/div><\/div><\/section>\n<section class='av_toggle_section av-svo3-002d2ba869f2535cf11f7e55d4f12fe4'  itemscope=\"itemscope\" itemtype=\"https:\/\/schema.org\/CreativeWork\" ><div role=\"tablist\" class=\"single_toggle\" data-tags=\"{Alla} \"  ><p data-fake-id='#toggle-id-8' class='toggler   '  itemprop=\"headline\"  role='tab' tabindex='0' aria-controls='toggle-id-8'>Entrepen\u00f6rer<span class=\"toggle_icon\"><span class=\"vert_icon\"><\/span><span class=\"hor_icon\"><\/span><\/span><\/p><div id='toggle-id-8' class='toggle_wrap  '  ><div class='toggle_content invers-color '  itemprop=\"text\" ><p><strong>Allbl\u00e4string<\/strong><br \/>\nAlejandro Godov<\/p>\n<p><strong>Amphi-Tech<\/strong><br \/>\nSimon Pehrson<\/p>\n<p><strong>Besab<\/strong><br \/>\nFredrik Pramberg<\/p>\n<p><strong>H20 Teknik<\/strong><br \/>\nAnders Bergmark<\/p>\n<p><strong>H2X<\/strong><br \/>\nHenrik Lilja<\/p>\n<p><strong>IPM Norden<\/strong><br \/>\nRoman Fierek<br \/>\nToni Jern<br \/>\nTorbj\u00f6rn Claesson<br \/>\nUlf Melin<\/p>\n<p><strong>Modern Betong<\/strong><br \/>\nErik \u00d6hman<\/p>\n<p><strong>NCC Industry<\/strong><br \/>\nNiklas Andersson<\/p>\n<p><strong>Pen-Tec<\/strong><br \/>\nJan-Olof Tegnesj\u00f6<\/p>\n<p><strong>Polyureaspecialisten<\/strong><br \/>\nPeter Blomqvist<\/p>\n<p><strong>ProAccess<\/strong><br \/>\nFredrik Nilsson<br \/>\nGreger Andersson<br \/>\nJohan Schilobolski<br \/>\nPer-Rune Andersson<br \/>\nViktor Ugglare<\/p>\n<p><strong>Rensman Norr<\/strong><br \/>\nFredrik Viklund<br \/>\nJohannes Lundmark<br \/>\nLinus Lastander<\/p>\n<p><strong>SBK<\/strong><br \/>\nOscar Sandkvist<\/p>\n<p><strong>Svensk Industriutveckling<\/strong><br \/>\nBj\u00f6rn Hestner<br \/>\nJan Hellstedt<\/p>\n<p><strong>Voullerim M\u00e5leri<\/strong><br \/>\nLars Lundstr\u00f6m<\/p>\n<\/div><\/div><\/div><\/section>\n<section class='av_toggle_section av-bcqtn-c8548e700fd62f486e180279e9eaf60b'  itemscope=\"itemscope\" itemtype=\"https:\/\/schema.org\/CreativeWork\" ><div role=\"tablist\" class=\"single_toggle\" data-tags=\"{Alla} \"  ><p data-fake-id='#toggle-id-9' class='toggler   '  itemprop=\"headline\"  role='tab' tabindex='0' aria-controls='toggle-id-9'>Leverant\u00f6rer<span class=\"toggle_icon\"><span class=\"vert_icon\"><\/span><span class=\"hor_icon\"><\/span><\/span><\/p><div id='toggle-id-9' class='toggle_wrap  '  ><div class='toggle_content invers-color '  itemprop=\"text\" ><p><strong>Flowcrete<\/strong><br \/>\nThomas Lind<\/p>\n<p><strong>International F\u00e4rg<\/strong><br \/>\nJohan Noreus<\/p>\n<p><strong>SIKA<\/strong><br \/>\nClaes Gr\u00f6nqvist<br \/>\nLars Wadenholt<br \/>\nMartin Forsmed<\/p>\n<p><strong>Sto<\/strong><br \/>\nMattias Bengtsson<br \/>\nPatrik Lindberg<br \/>\nPeter Cederholm<\/p>\n<\/div><\/div><\/div><\/section>\n<\/div><\/div>\n<style type=\"text\/css\" data-created_by=\"avia_inline_auto\" id=\"style-css-av-k9i8moh2-cd4c749fe3b254e6ad2f38f96883ff71\">\n#top .hr.hr-invisible.av-k9i8moh2-cd4c749fe3b254e6ad2f38f96883ff71{\nheight:90px;\n}\n<\/style>\n<div  class='hr av-k9i8moh2-cd4c749fe3b254e6ad2f38f96883ff71 hr-invisible  avia-builder-el-11  el_after_av_one_half  avia-builder-el-last '><span class='hr-inner '><span class=\"hr-inner-style\"><\/span><\/span><\/div>\n<\/div><\/div><\/div><!-- close content main div --><\/div><\/div><div id='after_section_1'  class='main_color av_default_container_wrap container_wrap sidebar_left'  ><div class='container av-section-cont-open' ><div class='template-page content  av-content-small units'><div class='post-entry post-entry-type-page post-entry-411'><div class='entry-content-wrapper clearfix'>\n","protected":false},"excerpt":{"rendered":"","protected":false},"author":1,"featured_media":0,"parent":0,"menu_order":25,"comment_status":"closed","ping_status":"open","template":"","meta":{"footnotes":""},"_links":{"self":[{"href":"http:\/\/www.avenyproduction.se\/ytskyddsakademienold\/wp-json\/wp\/v2\/pages\/411"}],"collection":[{"href":"http:\/\/www.avenyproduction.se\/ytskyddsakademienold\/wp-json\/wp\/v2\/pages"}],"about":[{"href":"http:\/\/www.avenyproduction.se\/ytskyddsakademienold\/wp-json\/wp\/v2\/types\/page"}],"author":[{"embeddable":true,"href":"http:\/\/www.avenyproduction.se\/ytskyddsakademienold\/wp-json\/wp\/v2\/users\/1"}],"replies":[{"embeddable":true,"href":"http:\/\/www.avenyproduction.se\/ytskyddsakademienold\/wp-json\/wp\/v2\/comments?post=411"}],"version-history":[{"count":8,"href":"http:\/\/www.avenyproduction.se\/ytskyddsakademienold\/wp-json\/wp\/v2\/pages\/411\/revisions"}],"predecessor-version":[{"id":442,"href":"http:\/\/www.avenyproduction.se\/ytskyddsakademienold\/wp-json\/wp\/v2\/pages\/411\/revisions\/442"}],"wp:attachment":[{"href":"http:\/\/www.avenyproduction.se\/ytskyddsakademienold\/wp-json\/wp\/v2\/media?parent=411"}],"curies":[{"name":"wp","href":"https:\/\/api.w.org\/{rel}","templated":true}]}}