{"id":581,"date":"2020-06-07T20:44:16","date_gmt":"2020-06-07T18:44:16","guid":{"rendered":"http:\/\/www.avenyproduction.se\/ytskyddsakademienold\/?page_id=581"},"modified":"2020-06-07T21:00:26","modified_gmt":"2020-06-07T19:00:26","slug":"media","status":"publish","type":"page","link":"http:\/\/www.avenyproduction.se\/ytskyddsakademienold\/media\/","title":{"rendered":"Media"},"content":{"rendered":"\n<style type=\"text\/css\" data-created_by=\"avia_inline_auto\" id=\"style-css-av-dbj9c-b8f116440f8049cb6ef74f70de98d993\">\n.flex_column.av-dbj9c-b8f116440f8049cb6ef74f70de98d993{\nborder-radius:0px 0px 0px 0px;\npadding:0px 0px 0px 0px;\n}\n<\/style>\n<div  class='flex_column av-dbj9c-b8f116440f8049cb6ef74f70de98d993 av_one_fifth  avia-builder-el-0  el_before_av_three_fifth  avia-builder-el-first  first no_margin flex_column_div av-zero-column-padding  '     ><\/div>\n\n<style type=\"text\/css\" data-created_by=\"avia_inline_auto\" id=\"style-css-av-31op-9baa13f50e03ce0ac0964ebb698eb950\">\n.flex_column.av-31op-9baa13f50e03ce0ac0964ebb698eb950{\nborder-radius:0px 0px 0px 0px;\npadding:0px 0px 0px 0px;\n}\n<\/style>\n<div  class='flex_column av-31op-9baa13f50e03ce0ac0964ebb698eb950 av_three_fifth  avia-builder-el-1  el_after_av_one_fifth  el_before_av_one_fifth  no_margin flex_column_div av-zero-column-padding  '     ><p>\n<style type=\"text\/css\" data-created_by=\"avia_inline_auto\" id=\"style-css-av-bticl-2e1e83ea8aa76a65233a0c9d6c8a7841\">\n#top .av-special-heading.av-bticl-2e1e83ea8aa76a65233a0c9d6c8a7841{\npadding-bottom:10px;\n}\nbody .av-special-heading.av-bticl-2e1e83ea8aa76a65233a0c9d6c8a7841 .av-special-heading-tag .heading-char{\nfont-size:25px;\n}\n.av-special-heading.av-bticl-2e1e83ea8aa76a65233a0c9d6c8a7841 .av-subheading{\nfont-size:15px;\n}\n\n@media only screen and (max-width: 479px){ \n#top #wrap_all .av-special-heading.av-bticl-2e1e83ea8aa76a65233a0c9d6c8a7841 .av-special-heading-tag{\nfont-size:25px;\n}\n}\n<\/style>\n<div  class='av-special-heading av-bticl-2e1e83ea8aa76a65233a0c9d6c8a7841 av-special-heading-h1 blockquote modern-quote modern-centered  avia-builder-el-2  el_before_av_hr  avia-builder-el-first '><h1 class='av-special-heading-tag'  itemprop=\"headline\"  >Media<\/h1><div class=\"special-heading-border\"><div class=\"special-heading-inner-border\"><\/div><\/div><\/div><br \/>\n\n<style type=\"text\/css\" data-created_by=\"avia_inline_auto\" id=\"style-css-av-k9i8moh2-0fc8c407daa66c14dbfd667ca13f3430\">\n#top .hr.av-k9i8moh2-0fc8c407daa66c14dbfd667ca13f3430{\nmargin-top:15px;\nmargin-bottom:30px;\n}\n.hr.av-k9i8moh2-0fc8c407daa66c14dbfd667ca13f3430 .hr-inner{\nwidth:75px;\nborder-color:#55b776;\n}\n<\/style>\n<div  class='hr av-k9i8moh2-0fc8c407daa66c14dbfd667ca13f3430 hr-custom  avia-builder-el-3  el_after_av_heading  avia-builder-el-last  hr-center hr-icon-no'><span class='hr-inner inner-border-av-border-fat'><span class=\"hr-inner-style\"><\/span><\/span><\/div><\/p><\/div>\n\n<style type=\"text\/css\" data-created_by=\"avia_inline_auto\" id=\"style-css-av-b9b6w-b70515f8064d4e77a4ebb9805484799d\">\n.flex_column.av-b9b6w-b70515f8064d4e77a4ebb9805484799d{\nborder-radius:0px 0px 0px 0px;\npadding:0px 0px 0px 0px;\n}\n<\/style>\n<div  class='flex_column av-b9b6w-b70515f8064d4e77a4ebb9805484799d av_one_fifth  avia-builder-el-4  el_after_av_three_fifth  el_before_av_section  avia-builder-el-last  no_margin flex_column_div av-zero-column-padding  '     ><\/div>\n<\/div><\/div><\/div><!-- close content main div --><\/div><\/div><div id='av_section_1'  class='avia-section av-k9ju1pkg-bb00bcb7bf8c8f73a8d77792e456cb72 main_color avia-section-default avia-no-border-styling  avia-builder-el-5  el_after_av_one_fifth  el_before_av_section  avia-bg-style-scroll container_wrap sidebar_left'  ><div class='container av-section-cont-open' ><div class='template-page content  av-content-small units'><div class='post-entry post-entry-type-page post-entry-581'><div class='entry-content-wrapper clearfix'>\n\n<style type=\"text\/css\" data-created_by=\"avia_inline_auto\" id=\"style-css-av-nm89d-183c2c22154ea8eb64ddb18ce1d8162c\">\n.flex_column.av-nm89d-183c2c22154ea8eb64ddb18ce1d8162c{\nborder-radius:0px 0px 0px 0px;\npadding:0px 0px 0px 0px;\n}\n<\/style>\n<div  class='flex_column av-nm89d-183c2c22154ea8eb64ddb18ce1d8162c av_one_third  avia-builder-el-6  el_before_av_one_third  avia-builder-el-first  first flex_column_div av-zero-column-padding  '     ><p>\n<style type=\"text\/css\" data-created_by=\"avia_inline_auto\" id=\"style-css-av-kb5eznsd-84bb8d684a91d4d0d23e9aba5d58981e\">\n.avia-image-container.av-kb5eznsd-84bb8d684a91d4d0d23e9aba5d58981e img.avia_image{\nbox-shadow:none;\n}\n.avia-image-container.av-kb5eznsd-84bb8d684a91d4d0d23e9aba5d58981e .av-image-caption-overlay-center{\ncolor:#ffffff;\n}\n<\/style>\n<div  class='avia-image-container av-kb5eznsd-84bb8d684a91d4d0d23e9aba5d58981e av-styling- avia-align-center  avia-builder-el-7  el_before_av_textblock  avia-builder-el-first '   itemprop=\"image\" itemscope=\"itemscope\" itemtype=\"https:\/\/schema.org\/ImageObject\" ><div class=\"avia-image-container-inner\"><div class=\"avia-image-overlay-wrap\"><img decoding=\"async\" fetchpriority=\"high\" class='wp-image-583 avia-img-lazy-loading-not-583 avia_image ' src=\"http:\/\/www.avenyproduction.se\/ytskyddsakademienold\/wp-content\/uploads\/2020\/06\/UoD-495x333.png\" alt='' title='UoD'  height=\"333\" width=\"495\"  itemprop=\"thumbnailUrl\"  \/><\/div><\/div><\/div><br \/>\n<section  class='av_textblock_section av-kb5ezr4z-8efc99893624d890393d6248f5e40e95 '   itemscope=\"itemscope\" itemtype=\"https:\/\/schema.org\/CreativeWork\" ><div class='avia_textblock'  itemprop=\"text\" ><p>Med bra underh\u00e5ll f\u00e5r man s\u00e4ker drift. Det \u00e4r d\u00e4rf\u00f6r vi heter som vi g\u00f6r. Vi \u00e4r Sveriges enda tidning och webbsajt som helt fokuserar p\u00e5 underh\u00e5lls- och drifts\u00e4kerhetsfr\u00e5gor. V\u00e5ra branschkunniga journalister skriver i f\u00f6rsta hand om svenska f\u00f6retag och h\u00e4ndelser i branschen, vi blickar ocks\u00e5 utanf\u00f6r landets gr\u00e4nser eftersom m\u00e5nga av v\u00e5ra st\u00f6rre f\u00f6retag \u00e4r verksamma p\u00e5 den globala marknaden.<\/p>\n<p>I v\u00e5r tryckta tidning, p\u00e5 v\u00e5r nyhetssajt, via Linkedin och i v\u00e5ra nyhetsbrev ger vi dig utvecklingen, trenderna, teknikerna och nyheterna s\u00e5 att du alltid \u00e4r uppdaterad kring det senaste inom underh\u00e5ll och driftss\u00e4kerhet.<\/p>\n<\/div><\/section><\/p><\/div>\n<style type=\"text\/css\" data-created_by=\"avia_inline_auto\" id=\"style-css-av-nm89d-199db071ee85d49c501497d626cf1a40\">\n.flex_column.av-nm89d-199db071ee85d49c501497d626cf1a40{\nborder-radius:0px 0px 0px 0px;\npadding:0px 0px 0px 0px;\n}\n<\/style>\n<div  class='flex_column av-nm89d-199db071ee85d49c501497d626cf1a40 av_one_third  avia-builder-el-9  el_after_av_one_third  el_before_av_one_third  flex_column_div av-zero-column-padding  '     ><p>\n<style type=\"text\/css\" data-created_by=\"avia_inline_auto\" id=\"style-css-av-kb5eznsd-6b13ccf9f5e32999155ddcaa342910fd\">\n.avia-image-container.av-kb5eznsd-6b13ccf9f5e32999155ddcaa342910fd img.avia_image{\nbox-shadow:none;\n}\n.avia-image-container.av-kb5eznsd-6b13ccf9f5e32999155ddcaa342910fd .av-image-caption-overlay-center{\ncolor:#ffffff;\n}\n<\/style>\n<div  class='avia-image-container av-kb5eznsd-6b13ccf9f5e32999155ddcaa342910fd av-styling- avia-align-center  avia-builder-el-10  el_before_av_textblock  avia-builder-el-first '   itemprop=\"image\" itemscope=\"itemscope\" itemtype=\"https:\/\/schema.org\/ImageObject\" ><div class=\"avia-image-container-inner\"><div class=\"avia-image-overlay-wrap\"><img decoding=\"async\" fetchpriority=\"high\" class='wp-image-582 avia-img-lazy-loading-not-582 avia_image ' src=\"http:\/\/www.avenyproduction.se\/ytskyddsakademienold\/wp-content\/uploads\/2020\/06\/ytforum-495x333.png\" alt='' title='ytforum'  height=\"333\" width=\"495\"  itemprop=\"thumbnailUrl\"  \/><\/div><\/div><\/div><br \/>\n<section  class='av_textblock_section av-kb5ezr4z-8efc99893624d890393d6248f5e40e95 '   itemscope=\"itemscope\" itemtype=\"https:\/\/schema.org\/CreativeWork\" ><div class='avia_textblock'  itemprop=\"text\" ><p>Ytforum \u00e4r skandinaviens ledande branschtidning om ytbehandling och korrosionsskydd och har i snart 40 \u00e5r levererat nyheter och artiklar till sina l\u00e4sare. Tidningen l\u00e4ses av bland annat ytbehandlare inom lackering, m\u00e5lning, galvano, varmf\u00f6rzinkning, men \u00e4ven av k\u00f6pare av ytbehandling och konstrukt\u00f6rer.<\/p>\n<\/div><\/section><\/p><\/div>\n<style type=\"text\/css\" data-created_by=\"avia_inline_auto\" id=\"style-css-av-nm89d-199db071ee85d49c501497d626cf1a40\">\n.flex_column.av-nm89d-199db071ee85d49c501497d626cf1a40{\nborder-radius:0px 0px 0px 0px;\npadding:0px 0px 0px 0px;\n}\n<\/style>\n<div  class='flex_column av-nm89d-199db071ee85d49c501497d626cf1a40 av_one_third  avia-builder-el-12  el_after_av_one_third  avia-builder-el-last  flex_column_div av-zero-column-padding  '     ><p>\n<style type=\"text\/css\" data-created_by=\"avia_inline_auto\" id=\"style-css-av-kb5eznsd-a9101c5e6a3949c4572fd6bdbd2f09a0\">\n.avia-image-container.av-kb5eznsd-a9101c5e6a3949c4572fd6bdbd2f09a0 img.avia_image{\nbox-shadow:none;\n}\n.avia-image-container.av-kb5eznsd-a9101c5e6a3949c4572fd6bdbd2f09a0 .av-image-caption-overlay-center{\ncolor:#ffffff;\n}\n<\/style>\n<div  class='avia-image-container av-kb5eznsd-a9101c5e6a3949c4572fd6bdbd2f09a0 av-styling- avia-align-center  avia-builder-el-13  el_before_av_textblock  avia-builder-el-first '   itemprop=\"image\" itemscope=\"itemscope\" itemtype=\"https:\/\/schema.org\/ImageObject\" ><div class=\"avia-image-container-inner\"><div class=\"avia-image-overlay-wrap\"><img decoding=\"async\" fetchpriority=\"high\" class='wp-image-584 avia-img-lazy-loading-not-584 avia_image ' src=\"http:\/\/www.avenyproduction.se\/ytskyddsakademienold\/wp-content\/uploads\/2020\/06\/nordiska-projekt-495x333.png\" alt='' title='nordiska-projekt'  height=\"333\" width=\"495\"  itemprop=\"thumbnailUrl\"  \/><\/div><\/div><\/div><br \/>\n<section  class='av_textblock_section av-kb5ezr4z-8efc99893624d890393d6248f5e40e95 '   itemscope=\"itemscope\" itemtype=\"https:\/\/schema.org\/CreativeWork\" ><div class='avia_textblock'  itemprop=\"text\" ><p>Stord\u00e5hd Kommunikation AB \u00e4r ett ledande mediaf\u00f6retag som arbetar i f\u00f6rsta hand med text och projektbaserad kommunikation genom s\u00e5v\u00e4l printmedia som digitala och sociala media. Vi publicerar och distribuerar magasinen Svensk Byggtidning, Dagens Infrastruktur, Nordiska Projekt, Bygga Stockholm och Nya Projekt.<\/p>\n<p>Vi \u00f6vervakar och lyfter nya och p\u00e5g\u00e5ende projekt blandat med heta aktuella branschfr\u00e5gor. Vi markerar vad som h\u00e4nder i den svenska bygg-, fastighet-, infrastruktur-, kommunikations-, energi-, industri- och transportsektorn.<\/p>\n<\/div><\/section><\/p><\/div>\n\n<\/div><\/div><\/div><!-- close content main div --><\/div><\/div><div id='av_section_2'  class='avia-section av-k9ju1pkg-c8d317b37e295d77a69d397de4d7fc40 main_color avia-section-huge avia-no-border-styling  avia-builder-el-15  el_after_av_section  el_before_av_hr  avia-bg-style-scroll container_wrap sidebar_left'  ><div class='container av-section-cont-open' ><div class='template-page content  av-content-small units'><div class='post-entry post-entry-type-page post-entry-581'><div class='entry-content-wrapper clearfix'>\n\n<style type=\"text\/css\" data-created_by=\"avia_inline_auto\" id=\"style-css-av-nm89d-183c2c22154ea8eb64ddb18ce1d8162c\">\n.flex_column.av-nm89d-183c2c22154ea8eb64ddb18ce1d8162c{\nborder-radius:0px 0px 0px 0px;\npadding:0px 0px 0px 0px;\n}\n<\/style>\n<div  class='flex_column av-nm89d-183c2c22154ea8eb64ddb18ce1d8162c av_one_fifth  avia-builder-el-16  el_before_av_three_fifth  avia-builder-el-first  first flex_column_div av-zero-column-padding  '     ><\/div>\n<style type=\"text\/css\" data-created_by=\"avia_inline_auto\" id=\"style-css-av-nm89d-199db071ee85d49c501497d626cf1a40\">\n.flex_column.av-nm89d-199db071ee85d49c501497d626cf1a40{\nborder-radius:0px 0px 0px 0px;\npadding:0px 0px 0px 0px;\n}\n<\/style>\n<div  class='flex_column av-nm89d-199db071ee85d49c501497d626cf1a40 av_three_fifth  avia-builder-el-17  el_after_av_one_fifth  el_before_av_one_fifth  flex_column_div av-zero-column-padding  '     ><p>\n<style type=\"text\/css\" data-created_by=\"avia_inline_auto\" id=\"style-css-av-kb5flooq-7040433b9c18455e8f68cb1dd80d453c\">\n#top .av-special-heading.av-kb5flooq-7040433b9c18455e8f68cb1dd80d453c{\npadding-bottom:10px;\n}\nbody .av-special-heading.av-kb5flooq-7040433b9c18455e8f68cb1dd80d453c .av-special-heading-tag .heading-char{\nfont-size:25px;\n}\n.av-special-heading.av-kb5flooq-7040433b9c18455e8f68cb1dd80d453c .av-subheading{\nfont-size:15px;\n}\n\n@media only screen and (max-width: 479px){ \n#top #wrap_all .av-special-heading.av-kb5flooq-7040433b9c18455e8f68cb1dd80d453c .av-special-heading-tag{\nfont-size:25px;\n}\n}\n<\/style>\n<div  class='av-special-heading av-kb5flooq-7040433b9c18455e8f68cb1dd80d453c av-special-heading-h2 blockquote modern-quote modern-centered  avia-builder-el-18  el_before_av_hr  avia-builder-el-first '><h2 class='av-special-heading-tag'  itemprop=\"headline\"  >Tommy Th\u00f6rn kommenterar Ytskydd 2020<\/h2><div class=\"special-heading-border\"><div class=\"special-heading-inner-border\"><\/div><\/div><\/div><br \/>\n\n<style type=\"text\/css\" data-created_by=\"avia_inline_auto\" id=\"style-css-av-k9i8moh2-18e402e030ca0a160570c231240535ae\">\n#top .hr.hr-invisible.av-k9i8moh2-18e402e030ca0a160570c231240535ae{\nheight:30px;\n}\n<\/style>\n<div  class='hr av-k9i8moh2-18e402e030ca0a160570c231240535ae hr-invisible  avia-builder-el-19  el_after_av_heading  el_before_av_video '><span class='hr-inner '><span class=\"hr-inner-style\"><\/span><\/span><\/div><br \/>\n\n<style type=\"text\/css\" data-created_by=\"avia_inline_auto\" id=\"style-css-av-kb5fkeag-c3a1d3e238e8e26419a19647d6ffe47d\">\n.avia-video.av-kb5fkeag-c3a1d3e238e8e26419a19647d6ffe47d{\nbackground-image:url(http:\/\/www.avenyproduction.se\/ytskyddsakademienold\/wp-content\/uploads\/2020\/06\/ytskydd_2020_thumb.jpg);\n}\n<\/style>\n<div  class='avia-video av-kb5fkeag-c3a1d3e238e8e26419a19647d6ffe47d avia-video-16-9 av-preview-image avia-video-confirm_all av-lazyload-video-embed'  itemprop=\"video\" itemtype=\"https:\/\/schema.org\/VideoObject\"  data-original_url='https:\/\/vimeo.com\/426782292'><script type='text\/html' class='av-video-tmpl'><div class='avia-iframe-wrap'><iframe src=\"https:\/\/player.vimeo.com\/video\/426782292?dnt=1&amp;app_id=122963&autoplay=1&loop=0&controls=1&muted=0\" width=\"1500\" height=\"844\" frameborder=\"0\" allow=\"autoplay; fullscreen\" allowfullscreen><\/iframe><\/div><\/script><div class='av-click-to-play-overlay'><div class=\"avia_playpause_icon\"><\/div><\/div><\/div><\/p><\/div>\n<style type=\"text\/css\" data-created_by=\"avia_inline_auto\" id=\"style-css-av-nm89d-199db071ee85d49c501497d626cf1a40\">\n.flex_column.av-nm89d-199db071ee85d49c501497d626cf1a40{\nborder-radius:0px 0px 0px 0px;\npadding:0px 0px 0px 0px;\n}\n<\/style>\n<div  class='flex_column av-nm89d-199db071ee85d49c501497d626cf1a40 av_one_fifth  avia-builder-el-21  el_after_av_three_fifth  avia-builder-el-last  flex_column_div av-zero-column-padding  '     ><\/div><\/div><\/div><\/div><!-- close content main div --><\/div><\/div><div id='after_section_2'  class='main_color av_default_container_wrap container_wrap sidebar_left'  ><div class='container av-section-cont-open' ><div class='template-page content  av-content-small units'><div class='post-entry post-entry-type-page post-entry-581'><div class='entry-content-wrapper clearfix'>\n<style type=\"text\/css\" data-created_by=\"avia_inline_auto\" id=\"style-css-av-k9i8moh2-cd4c749fe3b254e6ad2f38f96883ff71\">\n#top .hr.hr-invisible.av-k9i8moh2-cd4c749fe3b254e6ad2f38f96883ff71{\nheight:90px;\n}\n<\/style>\n<div  class='hr av-k9i8moh2-cd4c749fe3b254e6ad2f38f96883ff71 hr-invisible  avia-builder-el-22  el_after_av_section  avia-builder-el-no-sibling '><span class='hr-inner '><span class=\"hr-inner-style\"><\/span><\/span><\/div><\/p>\n","protected":false},"excerpt":{"rendered":"","protected":false},"author":1,"featured_media":0,"parent":0,"menu_order":20,"comment_status":"closed","ping_status":"open","template":"","meta":{"footnotes":""},"_links":{"self":[{"href":"http:\/\/www.avenyproduction.se\/ytskyddsakademienold\/wp-json\/wp\/v2\/pages\/581"}],"collection":[{"href":"http:\/\/www.avenyproduction.se\/ytskyddsakademienold\/wp-json\/wp\/v2\/pages"}],"about":[{"href":"http:\/\/www.avenyproduction.se\/ytskyddsakademienold\/wp-json\/wp\/v2\/types\/page"}],"author":[{"embeddable":true,"href":"http:\/\/www.avenyproduction.se\/ytskyddsakademienold\/wp-json\/wp\/v2\/users\/1"}],"replies":[{"embeddable":true,"href":"http:\/\/www.avenyproduction.se\/ytskyddsakademienold\/wp-json\/wp\/v2\/comments?post=581"}],"version-history":[{"count":7,"href":"http:\/\/www.avenyproduction.se\/ytskyddsakademienold\/wp-json\/wp\/v2\/pages\/581\/revisions"}],"predecessor-version":[{"id":3500,"href":"http:\/\/www.avenyproduction.se\/ytskyddsakademienold\/wp-json\/wp\/v2\/pages\/581\/revisions\/3500"}],"wp:attachment":[{"href":"http:\/\/www.avenyproduction.se\/ytskyddsakademienold\/wp-json\/wp\/v2\/media?parent=581"}],"curies":[{"name":"wp","href":"https:\/\/api.w.org\/{rel}","templated":true}]}}